{"id":27,"date":"2016-08-13T00:22:50","date_gmt":"2016-08-13T00:22:50","guid":{"rendered":"http:\/\/georedes.com.co\/geo\/?page_id=27"},"modified":"2017-10-29T04:59:49","modified_gmt":"2017-10-29T04:59:49","slug":"clientes","status":"publish","type":"page","link":"https:\/\/georedes.com.co\/geo\/clientes\/","title":{"rendered":"CLIENTES"},"content":{"rendered":"<p style=\"text-align: justify;\">En Georedes nuestros clientes son lo m\u00e1s importante, por esta raz\u00f3n contamos con: Un equipo de profesionales capacitados y disponibles para cualquier instalaci\u00f3n, asesor\u00eda y mantenimiento en todos nuestros servicios ofrecidos.<\/p>\n<p style=\"text-align: justify;\">En esta secci\u00f3n encontraremos nuestros clientes con sus respectivos proyectos realizados por Georedes.<\/p>\n<ul>\n<li style=\"text-align: justify;\"><a href=\"http:\/\/georedes.com.co\/geo\/index.php\/clientes\/clinica-lungavita\/\">Cl\u00ednica Lungavita<\/a><\/li>\n<li style=\"text-align: justify;\"><a href=\"http:\/\/georedes.com.co\/geo\/index.php\/clientes\/inciva-cali\">Inciva Cali<\/a><\/li>\n<li style=\"text-align: justify;\"><a href=\"http:\/\/georedes.com.co\/geo\/index.php\/clientes\/inciva-muelle-turistico\/\">Inciva Muelle Tur\u00edstico<\/a><\/li>\n<li style=\"text-align: justify;\"><a href=\"http:\/\/georedes.com.co\/geo\/index.php\/clientes\/supermercado-base-naval-bahia-malaga\/\">Supermercado Base Naval Bah\u00eda M\u00e1laga<\/a><\/li>\n<li style=\"text-align: justify;\"><a href=\"http:\/\/georedes.com.co\/geo\/index.php\/clientes\/industrias-natura\/\">Industrias Natura<\/a><\/li>\n<li style=\"text-align: justify;\"><a href=\"http:\/\/georedes.com.co\/geo\/index.php\/clientes\/cementos-argos-buenaventura\/\">Cementos Argos Buenaventura<\/a><\/li>\n<li style=\"text-align: justify;\"><a href=\"http:\/\/georedes.com.co\/geo\/index.php\/clientes\/carval-de-colombia\/\">Carval de Colombia<\/a><\/li>\n<li style=\"text-align: justify;\"><a href=\"http:\/\/georedes.com.co\/geo\/index.php\/clientes\/almotores-kia\/\">Almotores &#8211; KIA<\/a><\/li>\n<li style=\"text-align: justify;\"><a href=\"http:\/\/georedes.com.co\/geo\/index.php\/clientes\/automarcali\/\">Automarcali<\/a><\/li>\n<li style=\"text-align: justify;\"><a href=\"http:\/\/georedes.com.co\/geo\/index.php\/clientes\/carnes-frias-calima\/\">Carnes fr\u00edas Calima<\/a><\/li>\n<li style=\"text-align: justify;\"><a href=\"http:\/\/georedes.com.co\/geo\/index.php\/clientes\/iteco-s-a\/\">Iteco S.A.<\/a><\/li>\n<li style=\"text-align: justify;\"><a href=\"http:\/\/georedes.com.co\/geo\/index.php\/clientes\/sonoco-de-colombia\/\">Sonoco de Colombia<\/a><\/li>\n<li style=\"text-align: justify;\"><a href=\"http:\/\/georedes.com.co\/geo\/index.php\/clientes\/eds-texaco-1-cali\/\">EDS Texaco 1 Cali<\/a><\/li>\n<li style=\"text-align: justify;\"><a href=\"http:\/\/georedes.com.co\/geo\/index.php\/clientes\/telemark-spain-cali\/\">Telemark &#8211; Spain Cali<\/a><\/li>\n<li style=\"text-align: justify;\"><a href=\"http:\/\/georedes.com.co\/geo\/index.php\/clientes\/sipol-cali-y-buenaventura\/\">SIPOL Cali y Buenaventura<\/a><\/li>\n<li style=\"text-align: justify;\"><a href=\"http:\/\/georedes.com.co\/geo\/clientes\/mundo-mujer-el-banco-de-la-comunidad\/\">Mundo mujer el banco de la comunidad<\/a><\/li>\n<li style=\"text-align: justify;\"><a href=\"http:\/\/georedes.com.co\/geo\/clientes\/central-de-transportes-s-a-cali\/\">Central de transportes S.A. Cali<\/a><\/li>\n<li style=\"text-align: justify;\"><a href=\"http:\/\/georedes.com.co\/geo\/clientes\/almacenes-exito-carulla-super-inter-surtimax\/\">Almacenes \u00c9xito, Carulla, Surtimax, S\u00faper Inter<\/a><\/li>\n<li style=\"text-align: justify;\"><a href=\"http:\/\/georedes.com.co\/geo\/clientes\/comfenalco-valle-del-cauca\/\">Comfenalco Valle del Cauca<\/a><\/li>\n<li style=\"text-align: justify;\"><a href=\"http:\/\/georedes.com.co\/geo\/clientes\/aseguradora-solidaria\/\" target=\"_blank\">Aseguradora Solidaria<\/a><\/li>\n<li style=\"text-align: justify;\"><a href=\"http:\/\/georedes.com.co\/geo\/clientes\/banco-agrario-2\/\" target=\"_blank\">Banco Agrario<\/a><\/li>\n<li style=\"text-align: justify;\"><a href=\"http:\/\/georedes.com.co\/geo\/clientes\/parasoles-tropicales-2\/\" target=\"_blank\">Parasoles Tropicales<\/a><\/li>\n<\/ul>\n<p>&nbsp;<\/p>\n<div class=\"clearfix clients-logo-wrapper scroll\">\n<div class=\"client-slider\"><a><br \/>\n<img decoding=\"async\" src=\"http:\/\/georedes.com.co\/geo\/wp-content\/uploads\/2016\/08\/cementos-argos-buenaventura.png\" alt=\"client-logo\" \/><br \/>\n<\/a><\/div>\n<div class=\"client-slider\"><a><br \/>\n<img decoding=\"async\" src=\"http:\/\/georedes.com.co\/geo\/wp-content\/uploads\/2016\/08\/carval-de-colombia.png\" alt=\"client-logo\" \/><br \/>\n<\/a><\/div>\n<div class=\"client-slider\"><a><br \/>\n<img decoding=\"async\" src=\"http:\/\/georedes.com.co\/geo\/wp-content\/uploads\/2016\/08\/clinica-lungavita.png\" alt=\"client-logo\" \/><br \/>\n<\/a><\/div>\n<div class=\"client-slider\"><a><br \/>\n<img decoding=\"async\" src=\"http:\/\/georedes.com.co\/geo\/wp-content\/uploads\/2016\/08\/sonoco-de-colombia-ltda.png\" alt=\"client-logo\" \/><br \/>\n<\/a><\/div>\n<div class=\"client-slider\"><a><br \/>\n<img decoding=\"async\" src=\"http:\/\/georedes.com.co\/geo\/wp-content\/uploads\/2016\/08\/inciva-cali.png\" alt=\"client-logo\" \/><br \/>\n<\/a><\/div>\n<div class=\"client-slider\"><a><br \/>\n<img decoding=\"async\" src=\"http:\/\/georedes.com.co\/geo\/wp-content\/uploads\/2016\/08\/iteco-sa.png\" alt=\"client-logo\" \/><br \/>\n<\/a><\/div>\n<div class=\"client-slider\"><a><br \/>\n<img decoding=\"async\" src=\"http:\/\/georedes.com.co\/geo\/wp-content\/uploads\/2016\/08\/almotores-kia.png\" alt=\"client-logo\" \/><br \/>\n<\/a><\/div>\n<div class=\"client-slider\"><a><br \/>\n<img decoding=\"async\" src=\"http:\/\/georedes.com.co\/geo\/wp-content\/uploads\/2016\/08\/automarcali.png\" alt=\"client-logo\" \/><br \/>\n<\/a><\/div>\n<div class=\"client-slider\"><a><br \/>\n<img decoding=\"async\" src=\"http:\/\/georedes.com.co\/geo\/wp-content\/uploads\/2016\/08\/telemark-spain-cali.png\" alt=\"client-logo\" \/><br \/>\n<\/a><\/div>\n<div class=\"client-slider\"><a><br \/>\n<img decoding=\"async\" src=\"http:\/\/georedes.com.co\/geo\/wp-content\/uploads\/2016\/08\/terminal-cali.png\" alt=\"client-logo\" \/><br \/>\n<\/a><\/div>\n<div class=\"client-slider\"><a><br \/>\n<img decoding=\"async\" src=\"http:\/\/georedes.com.co\/geo\/wp-content\/uploads\/2016\/08\/comfenalco-valle.png\" alt=\"client-logo\" \/><br \/>\n<\/a><\/div>\n<div class=\"client-slider\"><a><br \/>\n<img decoding=\"async\" src=\"http:\/\/georedes.com.co\/geo\/wp-content\/uploads\/2016\/08\/superinter.png\" alt=\"client-logo\" \/><br \/>\n<\/a><\/div>\n<div class=\"client-slider\"><a><br \/>\n<img decoding=\"async\" src=\"http:\/\/georedes.com.co\/geo\/wp-content\/uploads\/2016\/08\/exito.png\" alt=\"client-logo\" \/><br \/>\n<\/a><\/div>\n<div class=\"client-slider\"><a><br \/>\n<img decoding=\"async\" src=\"http:\/\/georedes.com.co\/geo\/wp-content\/uploads\/2016\/08\/surtimax.png\" alt=\"client-logo\" \/><br \/>\n<\/a><\/div>\n<div class=\"client-slider\"><a><br \/>\n<img decoding=\"async\" src=\"http:\/\/georedes.com.co\/geo\/wp-content\/uploads\/2016\/08\/carulla.png\" alt=\"client-logo\" \/><br \/>\n<\/a><\/div>\n<div class=\"client-slider\"><a><br \/>\n<img decoding=\"async\" src=\"http:\/\/georedes.com.co\/geo\/wp-content\/uploads\/2016\/08\/mundo-mujer.png\" alt=\"client-logo\" \/><br \/>\n<\/a><\/div>\n<div class=\"client-slider\"><a href=\"http:\/\/georedes.com.co\/geo\/wp-content\/uploads\/2017\/10\/aseguradora_solidaria_full.png\"><img decoding=\"async\" loading=\"lazy\" class=\"alignnone wp-image-702\" src=\"http:\/\/georedes.com.co\/geo\/wp-content\/uploads\/2017\/10\/aseguradora_solidaria_full.png\" alt=\"aseguradora_solidaria_full\" width=\"319\" height=\"217\" srcset=\"https:\/\/georedes.com.co\/geo\/wp-content\/uploads\/2017\/10\/aseguradora_solidaria_full.png 940w, https:\/\/georedes.com.co\/geo\/wp-content\/uploads\/2017\/10\/aseguradora_solidaria_full-300x204.png 300w, https:\/\/georedes.com.co\/geo\/wp-content\/uploads\/2017\/10\/aseguradora_solidaria_full-768x523.png 768w\" sizes=\"(max-width: 319px) 100vw, 319px\" \/><\/a><\/div>\n<div class=\"client-slider\"><a href=\"http:\/\/georedes.com.co\/geo\/wp-content\/uploads\/2017\/10\/banco-agrario.jpg\"><img decoding=\"async\" loading=\"lazy\" class=\"alignnone wp-image-706\" src=\"http:\/\/georedes.com.co\/geo\/wp-content\/uploads\/2017\/10\/banco-agrario.jpg\" alt=\"banco agrario\" width=\"213\" height=\"223\" \/><\/a><\/div>\n<div class=\"client-slider\"><a href=\"http:\/\/georedes.com.co\/geo\/wp-content\/uploads\/2017\/10\/parasoles-tropicales.jpg\"><img decoding=\"async\" loading=\"lazy\" class=\"alignnone wp-image-704\" src=\"http:\/\/georedes.com.co\/geo\/wp-content\/uploads\/2017\/10\/parasoles-tropicales.jpg\" alt=\"parasoles tropicales\" width=\"286\" height=\"286\" srcset=\"https:\/\/georedes.com.co\/geo\/wp-content\/uploads\/2017\/10\/parasoles-tropicales.jpg 300w, https:\/\/georedes.com.co\/geo\/wp-content\/uploads\/2017\/10\/parasoles-tropicales-150x150.jpg 150w, https:\/\/georedes.com.co\/geo\/wp-content\/uploads\/2017\/10\/parasoles-tropicales-130x130.jpg 130w, https:\/\/georedes.com.co\/geo\/wp-content\/uploads\/2017\/10\/parasoles-tropicales-238x238.jpg 238w\" sizes=\"(max-width: 286px) 100vw, 286px\" \/><\/a><\/div>\n<\/div>\n","protected":false},"excerpt":{"rendered":"<p>En Georedes nuestros clientes son lo m\u00e1s importante, por esta raz\u00f3n contamos con: Un equipo de profesionales capacitados y disponibles para cualquier instalaci\u00f3n, asesor\u00eda y mantenimiento en todos nuestros servicios ofrecidos. En esta secci\u00f3n encontraremos nuestros clientes con sus respectivos proyectos realizados por Georedes. Cl\u00ednica Lungavita Inciva Cali Inciva Muelle Tur\u00edstico Supermercado Base Naval Bah\u00eda [&hellip;]<\/p>\n","protected":false},"author":2,"featured_media":0,"parent":0,"menu_order":4,"comment_status":"closed","ping_status":"closed","template":"","meta":{"ngg_post_thumbnail":0},"aioseo_notices":[],"_links":{"self":[{"href":"https:\/\/georedes.com.co\/geo\/wp-json\/wp\/v2\/pages\/27"}],"collection":[{"href":"https:\/\/georedes.com.co\/geo\/wp-json\/wp\/v2\/pages"}],"about":[{"href":"https:\/\/georedes.com.co\/geo\/wp-json\/wp\/v2\/types\/page"}],"author":[{"embeddable":true,"href":"https:\/\/georedes.com.co\/geo\/wp-json\/wp\/v2\/users\/2"}],"replies":[{"embeddable":true,"href":"https:\/\/georedes.com.co\/geo\/wp-json\/wp\/v2\/comments?post=27"}],"version-history":[{"count":11,"href":"https:\/\/georedes.com.co\/geo\/wp-json\/wp\/v2\/pages\/27\/revisions"}],"predecessor-version":[{"id":715,"href":"https:\/\/georedes.com.co\/geo\/wp-json\/wp\/v2\/pages\/27\/revisions\/715"}],"wp:attachment":[{"href":"https:\/\/georedes.com.co\/geo\/wp-json\/wp\/v2\/media?parent=27"}],"curies":[{"name":"wp","href":"https:\/\/api.w.org\/{rel}","templated":true}]}}