{"id":28,"date":"2016-08-13T00:24:50","date_gmt":"2016-08-13T00:24:50","guid":{"rendered":"http:\/\/georedes.com.co\/geo\/?page_id=28"},"modified":"2016-08-13T00:26:00","modified_gmt":"2016-08-13T00:26:00","slug":"clinica-lungavita","status":"publish","type":"page","link":"https:\/\/georedes.com.co\/geo\/clientes\/clinica-lungavita\/","title":{"rendered":"Cl\u00ednica Lungavita"},"content":{"rendered":"<p><strong>Proyecto:<\/strong> Instalaci\u00f3n CCTV.<a href=\"http:\/\/georedes.com.co\/geo\/wp-content\/uploads\/2016\/08\/clinica-lungavita.png\"><img decoding=\"async\" loading=\"lazy\" class=\"size-full wp-image-30 alignright\" src=\"http:\/\/georedes.com.co\/geo\/wp-content\/uploads\/2016\/08\/clinica-lungavita.png\" alt=\"clinica-lungavita\" width=\"150\" height=\"150\" \/><\/a><\/p>\n<p><strong>Descripci\u00f3n:<\/strong> 16 c\u00e1maras an\u00e1logas<\/p>\n","protected":false},"excerpt":{"rendered":"<p>Proyecto: Instalaci\u00f3n CCTV. Descripci\u00f3n: 16 c\u00e1maras an\u00e1logas<\/p>\n","protected":false},"author":2,"featured_media":0,"parent":27,"menu_order":1,"comment_status":"closed","ping_status":"closed","template":"","meta":{"ngg_post_thumbnail":0},"aioseo_notices":[],"_links":{"self":[{"href":"https:\/\/georedes.com.co\/geo\/wp-json\/wp\/v2\/pages\/28"}],"collection":[{"href":"https:\/\/georedes.com.co\/geo\/wp-json\/wp\/v2\/pages"}],"about":[{"href":"https:\/\/georedes.com.co\/geo\/wp-json\/wp\/v2\/types\/page"}],"author":[{"embeddable":true,"href":"https:\/\/georedes.com.co\/geo\/wp-json\/wp\/v2\/users\/2"}],"replies":[{"embeddable":true,"href":"https:\/\/georedes.com.co\/geo\/wp-json\/wp\/v2\/comments?post=28"}],"version-history":[{"count":2,"href":"https:\/\/georedes.com.co\/geo\/wp-json\/wp\/v2\/pages\/28\/revisions"}],"predecessor-version":[{"id":32,"href":"https:\/\/georedes.com.co\/geo\/wp-json\/wp\/v2\/pages\/28\/revisions\/32"}],"up":[{"embeddable":true,"href":"https:\/\/georedes.com.co\/geo\/wp-json\/wp\/v2\/pages\/27"}],"wp:attachment":[{"href":"https:\/\/georedes.com.co\/geo\/wp-json\/wp\/v2\/media?parent=28"}],"curies":[{"name":"wp","href":"https:\/\/api.w.org\/{rel}","templated":true}]}}