{"id":287,"date":"2016-08-20T01:05:47","date_gmt":"2016-08-20T01:05:47","guid":{"rendered":"http:\/\/georedes.com.co\/geo\/?page_id=287"},"modified":"2016-08-23T16:01:58","modified_gmt":"2016-08-23T16:01:58","slug":"central-de-transportes-s-a-cali","status":"publish","type":"page","link":"https:\/\/georedes.com.co\/geo\/clientes\/central-de-transportes-s-a-cali\/","title":{"rendered":"Central de transportes S. A. Cali"},"content":{"rendered":"<p style=\"text-align: justify;\"><strong><span style=\"color: #0000ff;\">Proyecto:<\/span><\/strong> Impermeabilizaci\u00f3n de piso y cambio de cer\u00e1mica.<br \/>\n<strong><span style=\"color: #0000ff;\">Descripci\u00f3n:<\/span><\/strong> Cambio de cer\u00e1mica, impermeabilizaci\u00f3n del piso, cambio de llaves de paso agua (trabajo hidr\u00e1ulico).<\/p>\n<p style=\"text-align: justify;\"><a href=\"http:\/\/georedes.com.co\/geo\/wp-content\/uploads\/2016\/08\/terminal-cali.png\"><img decoding=\"async\" loading=\"lazy\" class=\"alignnone size-full wp-image-188\" src=\"http:\/\/georedes.com.co\/geo\/wp-content\/uploads\/2016\/08\/terminal-cali.png\" alt=\"terminal-cali\" width=\"171\" height=\"157\" \/><\/a><\/p>\n","protected":false},"excerpt":{"rendered":"<p>Proyecto: Impermeabilizaci\u00f3n de piso y cambio de cer\u00e1mica. Descripci\u00f3n: Cambio de cer\u00e1mica, impermeabilizaci\u00f3n del piso, cambio de llaves de paso agua (trabajo hidr\u00e1ulico).<\/p>\n","protected":false},"author":2,"featured_media":0,"parent":27,"menu_order":17,"comment_status":"closed","ping_status":"closed","template":"","meta":{"ngg_post_thumbnail":0},"aioseo_notices":[],"_links":{"self":[{"href":"https:\/\/georedes.com.co\/geo\/wp-json\/wp\/v2\/pages\/287"}],"collection":[{"href":"https:\/\/georedes.com.co\/geo\/wp-json\/wp\/v2\/pages"}],"about":[{"href":"https:\/\/georedes.com.co\/geo\/wp-json\/wp\/v2\/types\/page"}],"author":[{"embeddable":true,"href":"https:\/\/georedes.com.co\/geo\/wp-json\/wp\/v2\/users\/2"}],"replies":[{"embeddable":true,"href":"https:\/\/georedes.com.co\/geo\/wp-json\/wp\/v2\/comments?post=287"}],"version-history":[{"count":3,"href":"https:\/\/georedes.com.co\/geo\/wp-json\/wp\/v2\/pages\/287\/revisions"}],"predecessor-version":[{"id":442,"href":"https:\/\/georedes.com.co\/geo\/wp-json\/wp\/v2\/pages\/287\/revisions\/442"}],"up":[{"embeddable":true,"href":"https:\/\/georedes.com.co\/geo\/wp-json\/wp\/v2\/pages\/27"}],"wp:attachment":[{"href":"https:\/\/georedes.com.co\/geo\/wp-json\/wp\/v2\/media?parent=287"}],"curies":[{"name":"wp","href":"https:\/\/api.w.org\/{rel}","templated":true}]}}