{"id":291,"date":"2016-08-20T01:12:57","date_gmt":"2016-08-20T01:12:57","guid":{"rendered":"http:\/\/georedes.com.co\/geo\/?page_id=291"},"modified":"2016-08-23T16:05:41","modified_gmt":"2016-08-23T16:05:41","slug":"almacenes-exito-carulla-super-inter-surtimax","status":"publish","type":"page","link":"https:\/\/georedes.com.co\/geo\/clientes\/almacenes-exito-carulla-super-inter-surtimax\/","title":{"rendered":"Almacenes \u00c9xito, Carulla, S\u00faper Inter, Surtimax"},"content":{"rendered":"<p style=\"text-align: justify;\"><span style=\"color: #0000ff;\"><strong>Proyecto:<\/strong><\/span> Remodelaci\u00f3n el\u00e9ctrica completa de los Carulla la portada al mar, Carulla Holguines Trade Center.<\/p>\n<p style=\"text-align: justify;\"><strong><span style=\"color: #0000ff;\">Descripci\u00f3n:<\/span><\/strong> Remodelaci\u00f3n el\u00e9ctrica general y cableado estructurado de Almacenes \u00c9xito Cali, Popay\u00e1n, Pasto y Eje Cafetero. Proveedores de mantenimiento el\u00e9ctrico y cableado estructurado.<\/p>\n<p style=\"text-align: justify;\"><a href=\"http:\/\/georedes.com.co\/geo\/wp-content\/uploads\/2016\/08\/exito.png\"><img decoding=\"async\" loading=\"lazy\" class=\"alignnone size-full wp-image-192\" src=\"http:\/\/georedes.com.co\/geo\/wp-content\/uploads\/2016\/08\/exito.png\" alt=\"exito\" width=\"136\" height=\"92\" \/><\/a><a href=\"http:\/\/georedes.com.co\/geo\/wp-content\/uploads\/2016\/08\/carulla.png\"><img decoding=\"async\" loading=\"lazy\" class=\"alignnone size-full wp-image-193\" src=\"http:\/\/georedes.com.co\/geo\/wp-content\/uploads\/2016\/08\/carulla.png\" alt=\"carulla\" width=\"116\" height=\"91\" \/><\/a><a href=\"http:\/\/georedes.com.co\/geo\/wp-content\/uploads\/2016\/08\/surtimax.png\"><img decoding=\"async\" loading=\"lazy\" class=\"alignnone size-full wp-image-191\" src=\"http:\/\/georedes.com.co\/geo\/wp-content\/uploads\/2016\/08\/surtimax.png\" alt=\"surtimax\" width=\"150\" height=\"92\" \/><\/a><a href=\"http:\/\/georedes.com.co\/geo\/wp-content\/uploads\/2016\/08\/superinter.png\"><img decoding=\"async\" loading=\"lazy\" class=\"alignnone size-full wp-image-190\" src=\"http:\/\/georedes.com.co\/geo\/wp-content\/uploads\/2016\/08\/superinter.png\" alt=\"superinter\" width=\"143\" height=\"95\" \/><\/a><\/p>\n","protected":false},"excerpt":{"rendered":"<p>Proyecto: Remodelaci\u00f3n el\u00e9ctrica completa de los Carulla la portada al mar, Carulla Holguines Trade Center. Descripci\u00f3n: Remodelaci\u00f3n el\u00e9ctrica general y cableado estructurado de Almacenes \u00c9xito Cali, Popay\u00e1n, Pasto y Eje Cafetero. Proveedores de mantenimiento el\u00e9ctrico y cableado estructurado.<\/p>\n","protected":false},"author":2,"featured_media":0,"parent":27,"menu_order":18,"comment_status":"closed","ping_status":"closed","template":"","meta":{"ngg_post_thumbnail":0},"aioseo_notices":[],"_links":{"self":[{"href":"https:\/\/georedes.com.co\/geo\/wp-json\/wp\/v2\/pages\/291"}],"collection":[{"href":"https:\/\/georedes.com.co\/geo\/wp-json\/wp\/v2\/pages"}],"about":[{"href":"https:\/\/georedes.com.co\/geo\/wp-json\/wp\/v2\/types\/page"}],"author":[{"embeddable":true,"href":"https:\/\/georedes.com.co\/geo\/wp-json\/wp\/v2\/users\/2"}],"replies":[{"embeddable":true,"href":"https:\/\/georedes.com.co\/geo\/wp-json\/wp\/v2\/comments?post=291"}],"version-history":[{"count":2,"href":"https:\/\/georedes.com.co\/geo\/wp-json\/wp\/v2\/pages\/291\/revisions"}],"predecessor-version":[{"id":448,"href":"https:\/\/georedes.com.co\/geo\/wp-json\/wp\/v2\/pages\/291\/revisions\/448"}],"up":[{"embeddable":true,"href":"https:\/\/georedes.com.co\/geo\/wp-json\/wp\/v2\/pages\/27"}],"wp:attachment":[{"href":"https:\/\/georedes.com.co\/geo\/wp-json\/wp\/v2\/media?parent=291"}],"curies":[{"name":"wp","href":"https:\/\/api.w.org\/{rel}","templated":true}]}}