{"id":308,"date":"2016-08-20T03:02:10","date_gmt":"2016-08-20T03:02:10","guid":{"rendered":"http:\/\/georedes.com.co\/geo\/?page_id=308"},"modified":"2021-12-12T20:15:51","modified_gmt":"2021-12-13T01:15:51","slug":"fibra-optica","status":"publish","type":"page","link":"https:\/\/georedes.com.co\/geo\/servicios\/cableado-estructurado\/fibra-optica\/","title":{"rendered":"Fibra \u00f3ptica"},"content":{"rendered":"<p style=\"text-align: justify;\">GEOREDES INGENIEROS S.A.S le ayuda a implementar soluciones e infraestructura de acuerdo a las normas internacionales ANSI, EIA\/TIA, ISO 9000 que reglamentan el dise\u00f1o, la instalaci\u00f3n y certificaci\u00f3n de salidas para fibra \u00f3ptica.<\/p>\n<p style=\"text-align: justify;\"><a href=\"http:\/\/georedes.com.co\/geo\/wp-content\/uploads\/2016\/08\/fibra-optica.jpg\"><img decoding=\"async\" loading=\"lazy\" class=\"alignnone wp-image-309 size-full\" src=\"http:\/\/georedes.com.co\/geo\/wp-content\/uploads\/2016\/08\/fibra-optica.jpg\" alt=\"fibra-optica\" width=\"600\" height=\"157\" srcset=\"https:\/\/georedes.com.co\/geo\/wp-content\/uploads\/2016\/08\/fibra-optica.jpg 600w, https:\/\/georedes.com.co\/geo\/wp-content\/uploads\/2016\/08\/fibra-optica-300x79.jpg 300w\" sizes=\"(max-width: 600px) 100vw, 600px\" \/><\/a><\/p>\n<p style=\"text-align: justify;\">Una Red de Fibra \u00f3ptica, con buen dise\u00f1o e instalaci\u00f3n,&nbsp; ha de ofrecer las m\u00e1s exigentes garant\u00edas de calidad y funcionamiento. Para ello hace falta la utilizaci\u00f3n de equipamiento de medici\u00f3n, inspecci\u00f3n y ensayo, correctamente calibrado y utilizado para asegurar que los tendidos de fibra \u00f3ptica y conectorizaciones cumplen con las caracter\u00edsticas \u00f3ptimas especificadas en el dise\u00f1o.<\/p>\n<h3><span style=\"color: #0000ff;\">OTROS SERVICIOS DE CABLEADO ESTRUCTURADO:<\/span><\/h3>\n<ul>\n<li><a href=\"http:\/\/georedes.com.co\/geo\/servicios\/cableado-estructurado\/redes-lan-voz-datos-y-video\/\">Redes LAN (VOZ, DATOS Y VIDEO)<\/a><\/li>\n<li><a href=\"http:\/\/georedes.com.co\/geo\/servicios\/cableado-estructurado\/redes-telefonicas\/\">Redes telef\u00f3nicas<\/a><\/li>\n<\/ul>\n<h3 style=\"text-align: justify;\"><a href=\"http:\/\/georedes.com.co\/geo\/contacto\/\">Si necesita saber m\u00e1s acerca de nuestros servicios de ingenier\u00eda por favor comun\u00edquese con nosotros:<\/a><\/h3>\n<p style=\"text-align: justify;\">&nbsp;<\/p>\n","protected":false},"excerpt":{"rendered":"<p>GEOREDES INGENIEROS S.A.S le ayuda a implementar soluciones e infraestructura de acuerdo a las normas internacionales ANSI, EIA\/TIA, ISO 9000 que reglamentan el dise\u00f1o, la instalaci\u00f3n y certificaci\u00f3n de salidas para fibra \u00f3ptica. Una Red de Fibra \u00f3ptica, con buen dise\u00f1o e instalaci\u00f3n,&nbsp; ha de ofrecer las m\u00e1s exigentes garant\u00edas de calidad y funcionamiento. Para [&hellip;]<\/p>\n","protected":false},"author":2,"featured_media":0,"parent":18,"menu_order":2,"comment_status":"closed","ping_status":"closed","template":"","meta":{"ngg_post_thumbnail":0},"aioseo_notices":[],"_links":{"self":[{"href":"https:\/\/georedes.com.co\/geo\/wp-json\/wp\/v2\/pages\/308"}],"collection":[{"href":"https:\/\/georedes.com.co\/geo\/wp-json\/wp\/v2\/pages"}],"about":[{"href":"https:\/\/georedes.com.co\/geo\/wp-json\/wp\/v2\/types\/page"}],"author":[{"embeddable":true,"href":"https:\/\/georedes.com.co\/geo\/wp-json\/wp\/v2\/users\/2"}],"replies":[{"embeddable":true,"href":"https:\/\/georedes.com.co\/geo\/wp-json\/wp\/v2\/comments?post=308"}],"version-history":[{"count":4,"href":"https:\/\/georedes.com.co\/geo\/wp-json\/wp\/v2\/pages\/308\/revisions"}],"predecessor-version":[{"id":746,"href":"https:\/\/georedes.com.co\/geo\/wp-json\/wp\/v2\/pages\/308\/revisions\/746"}],"up":[{"embeddable":true,"href":"https:\/\/georedes.com.co\/geo\/wp-json\/wp\/v2\/pages\/18"}],"wp:attachment":[{"href":"https:\/\/georedes.com.co\/geo\/wp-json\/wp\/v2\/media?parent=308"}],"curies":[{"name":"wp","href":"https:\/\/api.w.org\/{rel}","templated":true}]}}