{"id":311,"date":"2016-08-20T03:09:06","date_gmt":"2016-08-20T03:09:06","guid":{"rendered":"http:\/\/georedes.com.co\/geo\/?page_id=311"},"modified":"2021-12-12T20:16:00","modified_gmt":"2021-12-13T01:16:00","slug":"redes-telefonicas","status":"publish","type":"page","link":"https:\/\/georedes.com.co\/geo\/servicios\/cableado-estructurado\/redes-telefonicas\/","title":{"rendered":"Redes telef\u00f3nicas"},"content":{"rendered":"<p style=\"text-align: justify;\">GEOREDES INGENIEROS S.A.S realiza la instalaci\u00f3n, el mantenimiento y la reparaci\u00f3n de redes telef\u00f3nicas en general. Usted puede cambiar de lugar en cualquier momento sin preocuparse nuevamente por la adecuaci\u00f3n de su planta telef\u00f3nica, nosotros lo realizamos.<\/p>\n<p style=\"text-align: justify;\"><a href=\"http:\/\/georedes.com.co\/geo\/wp-content\/uploads\/2016\/08\/KX-NS500-pabx-systems-planta-telefonica-panasonic.jpg\"><img decoding=\"async\" loading=\"lazy\" class=\"alignnone size-full wp-image-378\" src=\"http:\/\/georedes.com.co\/geo\/wp-content\/uploads\/2016\/08\/KX-NS500-pabx-systems-planta-telefonica-panasonic.jpg\" alt=\"KX-NS500-pabx-systems-planta-telefonica-panasonic\" width=\"400\" height=\"254\" srcset=\"https:\/\/georedes.com.co\/geo\/wp-content\/uploads\/2016\/08\/KX-NS500-pabx-systems-planta-telefonica-panasonic.jpg 400w, https:\/\/georedes.com.co\/geo\/wp-content\/uploads\/2016\/08\/KX-NS500-pabx-systems-planta-telefonica-panasonic-300x191.jpg 300w\" sizes=\"(max-width: 400px) 100vw, 400px\" \/><\/a><\/p>\n<p style=\"text-align: justify;\">Hoy en d\u00eda en las empresas es de vital importancia la correcta instalaci\u00f3n y configuraci\u00f3n de sus redes telef\u00f3nicas para ofrecer un servicio de calidad y una atenci\u00f3n inmediata a sus clientes.<\/p>\n<p style=\"text-align: justify;\"><a href=\"http:\/\/georedes.com.co\/geo\/wp-content\/uploads\/2016\/08\/redes-telefonicas.jpg\"><img decoding=\"async\" loading=\"lazy\" class=\"alignnone size-full wp-image-312\" src=\"http:\/\/georedes.com.co\/geo\/wp-content\/uploads\/2016\/08\/redes-telefonicas.jpg\" alt=\"redes-telefonicas\" width=\"600\" height=\"157\" srcset=\"https:\/\/georedes.com.co\/geo\/wp-content\/uploads\/2016\/08\/redes-telefonicas.jpg 600w, https:\/\/georedes.com.co\/geo\/wp-content\/uploads\/2016\/08\/redes-telefonicas-300x79.jpg 300w\" sizes=\"(max-width: 600px) 100vw, 600px\" \/><\/a><\/p>\n<h3><span style=\"color: #0000ff;\">OTROS SERVICIOS DE CABLEADO ESTRUCTURADO:<\/span><\/h3>\n<ul>\n<li><a href=\"http:\/\/georedes.com.co\/geo\/servicios\/cableado-estructurado\/redes-lan-voz-datos-y-video\/\">Redes LAN (VOZ, DATOS Y VIDEO)<\/a><\/li>\n<li><a href=\"http:\/\/georedes.com.co\/geo\/servicios\/cableado-estructurado\/fibra-optica\/\">Fibra \u00f3ptica<\/a><\/li>\n<\/ul>\n<h3 style=\"text-align: justify;\"><a href=\"http:\/\/georedes.com.co\/geo\/contacto\/\">Si necesita saber m\u00e1s acerca de nuestros servicios de ingenier\u00eda por favor comun\u00edquese con nosotros:<\/a><\/h3>\n<p style=\"text-align: justify;\">&nbsp;<\/p>\n","protected":false},"excerpt":{"rendered":"<p>GEOREDES INGENIEROS S.A.S realiza la instalaci\u00f3n, el mantenimiento y la reparaci\u00f3n de redes telef\u00f3nicas en general. Usted puede cambiar de lugar en cualquier momento sin preocuparse nuevamente por la adecuaci\u00f3n de su planta telef\u00f3nica, nosotros lo realizamos. Hoy en d\u00eda en las empresas es de vital importancia la correcta instalaci\u00f3n y configuraci\u00f3n de sus redes [&hellip;]<\/p>\n","protected":false},"author":2,"featured_media":0,"parent":18,"menu_order":3,"comment_status":"closed","ping_status":"closed","template":"","meta":{"ngg_post_thumbnail":0},"aioseo_notices":[],"_links":{"self":[{"href":"https:\/\/georedes.com.co\/geo\/wp-json\/wp\/v2\/pages\/311"}],"collection":[{"href":"https:\/\/georedes.com.co\/geo\/wp-json\/wp\/v2\/pages"}],"about":[{"href":"https:\/\/georedes.com.co\/geo\/wp-json\/wp\/v2\/types\/page"}],"author":[{"embeddable":true,"href":"https:\/\/georedes.com.co\/geo\/wp-json\/wp\/v2\/users\/2"}],"replies":[{"embeddable":true,"href":"https:\/\/georedes.com.co\/geo\/wp-json\/wp\/v2\/comments?post=311"}],"version-history":[{"count":5,"href":"https:\/\/georedes.com.co\/geo\/wp-json\/wp\/v2\/pages\/311\/revisions"}],"predecessor-version":[{"id":747,"href":"https:\/\/georedes.com.co\/geo\/wp-json\/wp\/v2\/pages\/311\/revisions\/747"}],"up":[{"embeddable":true,"href":"https:\/\/georedes.com.co\/geo\/wp-json\/wp\/v2\/pages\/18"}],"wp:attachment":[{"href":"https:\/\/georedes.com.co\/geo\/wp-json\/wp\/v2\/media?parent=311"}],"curies":[{"name":"wp","href":"https:\/\/api.w.org\/{rel}","templated":true}]}}