{"id":316,"date":"2016-08-20T03:13:09","date_gmt":"2016-08-20T03:13:09","guid":{"rendered":"http:\/\/georedes.com.co\/geo\/?page_id=316"},"modified":"2021-12-12T20:16:36","modified_gmt":"2021-12-13T01:16:36","slug":"sistemas-cctv","status":"publish","type":"page","link":"https:\/\/georedes.com.co\/geo\/servicios\/seguridad-electronica\/sistemas-cctv\/","title":{"rendered":"Sistemas CCTV"},"content":{"rendered":"<p style=\"text-align: justify;\">GEOREDES INGENIEROS S.A.S define de acuerdo a sus necesidades los sitios estrat\u00e9gicos, el tipo de c\u00e1maras y equipos para grabaci\u00f3n y visualizaci\u00f3n que se ajusten a su presupuesto y satisfaciendo completamente sus requerimientos. Brindamos toda la asesor\u00eda necesaria para mejorar su sistema de vigilancia actual.<\/p>\n<p style=\"text-align: justify;\">Estamos certificados por la Asociaci\u00f3n Latinoamericana de Seguridad ALAS.<\/p>\n<p style=\"text-align: justify;\">Actualmente brindamos la asesor\u00eda, la instalaci\u00f3n y el mantenimiento para:<\/p>\n<h3 style=\"text-align: justify;\"><strong><span style=\"color: #0000ff;\">C\u00e1maras para hogar y oficinas<\/span><\/strong><\/h3>\n<p style=\"text-align: justify;\"><a href=\"http:\/\/georedes.com.co\/geo\/wp-content\/uploads\/2016\/08\/camaras-hogares-georedes.jpg\"><img decoding=\"async\" loading=\"lazy\" class=\"alignnone size-full wp-image-317\" src=\"http:\/\/georedes.com.co\/geo\/wp-content\/uploads\/2016\/08\/camaras-hogares-georedes.jpg\" alt=\"camaras-hogares-georedes\" width=\"189\" height=\"157\"><\/a><\/p>\n<p style=\"text-align: justify;\">Protege tu hogar y oficina con nuestra l\u00ednea de c\u00e1maras multifunci\u00f3n, con opciones de alta definici\u00f3n, visi\u00f3n nocturna, c\u00e1maras ip para control y acceso remoto, puerto para conexi\u00f3n de alarmas, y muchas otras funciones que te dar\u00e1n un entorno mucho m\u00e1s seguro y controlado para t\u00ed y los tuyos.<\/p>\n<h3 style=\"text-align: justify;\"><strong><span style=\"color: #0000ff;\">C\u00e1maras IP<\/span><\/strong><\/h3>\n<p style=\"text-align: justify;\"><a href=\"http:\/\/georedes.com.co\/geo\/wp-content\/uploads\/2016\/08\/cctv-sistema-camaras-georedes.jpg\"><img decoding=\"async\" loading=\"lazy\" class=\"alignnone wp-image-318 size-full\" src=\"http:\/\/georedes.com.co\/geo\/wp-content\/uploads\/2016\/08\/cctv-sistema-camaras-georedes.jpg\" alt=\"cctv-sistema-camaras-georedes\" width=\"189\" height=\"157\"><\/a><\/p>\n<p style=\"text-align: justify;\">Controla lo que est\u00e1 sucediendo en tiempo real mientras se encuentra ausente desde cualquier dispositivo m\u00f3vil,&nbsp; Iphone, Ipad, computador port\u00e1til, tableta o cualquier dispositivo que cuente con acceso a internet.<\/p>\n<h3 style=\"text-align: justify;\"><strong><span style=\"color: #0000ff;\">Exteriores<\/span><\/strong><\/h3>\n<p style=\"text-align: justify;\"><a href=\"http:\/\/georedes.com.co\/geo\/wp-content\/uploads\/2016\/08\/seguridad-exteriores-georedes.jpg\"><img decoding=\"async\" loading=\"lazy\" class=\"alignnone size-full wp-image-319\" src=\"http:\/\/georedes.com.co\/geo\/wp-content\/uploads\/2016\/08\/seguridad-exteriores-georedes.jpg\" alt=\"seguridad-exteriores-georedes\" width=\"189\" height=\"157\"><\/a><\/p>\n<p style=\"text-align: justify;\">Contamos con c\u00e1maras para exteriores a prueba de toda clase de climas, lo que permite controlar en tiempo real lo que est\u00e1 sucediendo afuera de la edificaci\u00f3n (parqueaderos, exteriores de la casa, calles, carreteras, fincas, etc.).<\/p>\n<h3 style=\"text-align: justify;\"><strong><span style=\"color: #0000ff;\">C\u00e1maras de visi\u00f3n nocturna<\/span><\/strong><\/h3>\n<p style=\"text-align: justify;\"><strong><span style=\"color: #0000ff;\"><a href=\"http:\/\/georedes.com.co\/geo\/wp-content\/uploads\/2016\/08\/vision-nocturna-camaras-georedes.jpg\"><img decoding=\"async\" loading=\"lazy\" class=\"alignnone size-full wp-image-320\" src=\"http:\/\/georedes.com.co\/geo\/wp-content\/uploads\/2016\/08\/vision-nocturna-camaras-georedes.jpg\" alt=\"vision-nocturna-camaras-georedes\" width=\"189\" height=\"157\"><\/a><\/span><\/strong><\/p>\n<p style=\"text-align: justify;\">Contamos con las c\u00e1maras de visi\u00f3n nocturna (nigth vision) para controlar ambientes de poca iluminaci\u00f3n,&nbsp; lo que permite realizar un monitoreo sin importar la cantidad de luz.<\/p>\n<p style=\"text-align: justify;\">En nuestros proyectos ofrecemos e instalamos productos y materiales de marcas reconocidas a nivel mundial:&nbsp; AMP, SONY, LINX, VDX, DLINK, SAMSUMG, LG , PANASONIC, SYSTIMAX,&nbsp; entre otras, las cuales garantizan una excelente confiabilidad y desempe\u00f1o de las soluciones.<\/p>\n<h3 style=\"text-align: justify;\"><strong><span style=\"color: #0000ff;\">An\u00e1logos, h\u00edbridos, IP, DVR\u00b4&#8217;S, NVR\u00a8S, &nbsp; Housing, Domos PTZ<\/span><\/strong><\/h3>\n<p style=\"text-align: justify;\"><a href=\"http:\/\/georedes.com.co\/geo\/wp-content\/uploads\/2016\/08\/0039069_dahua-hcvr4104cs2kit-dvr-4-canales-tribrido-720p-hdmi-vga-4-camaras-bullet-hfaw1100r36-720p-p2p-acce-Analogos-hibridos-IP-DVRS-NVR-Housing-Domos-PTZ.jpeg\"><img decoding=\"async\" loading=\"lazy\" class=\"wp-image-386 alignleft\" src=\"http:\/\/georedes.com.co\/geo\/wp-content\/uploads\/2016\/08\/0039069_dahua-hcvr4104cs2kit-dvr-4-canales-tribrido-720p-hdmi-vga-4-camaras-bullet-hfaw1100r36-720p-p2p-acce-Analogos-hibridos-IP-DVRS-NVR-Housing-Domos-PTZ.jpeg\" alt=\"0039069_dahua-hcvr4104cs2kit-dvr-4-canales-tribrido-720p-hdmi-vga-4-camaras-bullet-hfaw1100r36-720p-p2p-acce-Analogos-hibridos-IP-DVRS-NVR-Housing-Domos-PTZ\" width=\"230\" height=\"220\" srcset=\"https:\/\/georedes.com.co\/geo\/wp-content\/uploads\/2016\/08\/0039069_dahua-hcvr4104cs2kit-dvr-4-canales-tribrido-720p-hdmi-vga-4-camaras-bullet-hfaw1100r36-720p-p2p-acce-Analogos-hibridos-IP-DVRS-NVR-Housing-Domos-PTZ.jpeg 356w, https:\/\/georedes.com.co\/geo\/wp-content\/uploads\/2016\/08\/0039069_dahua-hcvr4104cs2kit-dvr-4-canales-tribrido-720p-hdmi-vga-4-camaras-bullet-hfaw1100r36-720p-p2p-acce-Analogos-hibridos-IP-DVRS-NVR-Housing-Domos-PTZ-300x287.jpeg 300w\" sizes=\"(max-width: 230px) 100vw, 230px\" \/><\/a><a href=\"http:\/\/georedes.com.co\/geo\/wp-content\/uploads\/2016\/08\/Analogos-hibridos-IP-DVR-NVR-Housing-Domos-PTZ-sistemas-de-seguridad-georedes-cali.fw_.png\"><img decoding=\"async\" loading=\"lazy\" class=\"wp-image-387 alignleft\" src=\"http:\/\/georedes.com.co\/geo\/wp-content\/uploads\/2016\/08\/Analogos-hibridos-IP-DVR-NVR-Housing-Domos-PTZ-sistemas-de-seguridad-georedes-cali.fw_.png\" alt=\"Analogos-hibridos-IP-DVR-NVR-Housing-Domos-PTZ-sistemas-de-seguridad-georedes-cali.fw\" width=\"562\" height=\"200\" srcset=\"https:\/\/georedes.com.co\/geo\/wp-content\/uploads\/2016\/08\/Analogos-hibridos-IP-DVR-NVR-Housing-Domos-PTZ-sistemas-de-seguridad-georedes-cali.fw_.png 615w, https:\/\/georedes.com.co\/geo\/wp-content\/uploads\/2016\/08\/Analogos-hibridos-IP-DVR-NVR-Housing-Domos-PTZ-sistemas-de-seguridad-georedes-cali.fw_-300x107.png 300w\" sizes=\"(max-width: 562px) 100vw, 562px\" \/><\/a><\/p>\n<h3>&nbsp;<\/h3>\n<h3>&nbsp;<\/h3>\n<h3>&nbsp;<\/h3>\n<h3>&nbsp;<\/h3>\n<h3>&nbsp;<\/h3>\n<h3>&nbsp;<\/h3>\n<p>&nbsp;<\/p>\n<h3><span style=\"color: #0000ff;\">OTROS SERVICIOS DE SEGURIDAD ELECTR\u00d3NICA:<\/span><\/h3>\n<ul>\n<li><a href=\"http:\/\/georedes.com.co\/geo\/servicios\/seguridad-electronica\/sistemas-de-alarmas\/\">Sistemas de alarmas<\/a><\/li>\n<li><a href=\"http:\/\/georedes.com.co\/geo\/servicios\/seguridad-electronica\/seguridad-perimetral\/\">Seguridad perimetral<\/a><\/li>\n<li><a href=\"http:\/\/georedes.com.co\/geo\/servicios\/seguridad-electronica\/sistema-de-control-de-acceso\/\">Sistema de control de acceso<\/a><\/li>\n<li><a href=\"http:\/\/georedes.com.co\/geo\/servicios\/seguridad-electronica\/equipos-en-general\/\">Equipos en general.<\/a><\/li>\n<\/ul>\n<h3 style=\"text-align: justify;\"><a href=\"http:\/\/georedes.com.co\/geo\/contacto\/\">Si necesita saber m\u00e1s acerca de nuestros servicios de ingenier\u00eda por favor comun\u00edquese con nosotros:<\/a><\/h3>\n<p style=\"text-align: justify;\">&nbsp;<\/p>\n","protected":false},"excerpt":{"rendered":"<p>GEOREDES INGENIEROS S.A.S define de acuerdo a sus necesidades los sitios estrat\u00e9gicos, el tipo de c\u00e1maras y equipos para grabaci\u00f3n y visualizaci\u00f3n que se ajusten a su presupuesto y satisfaciendo completamente sus requerimientos. Brindamos toda la asesor\u00eda necesaria para mejorar su sistema de vigilancia actual. Estamos certificados por la Asociaci\u00f3n Latinoamericana de Seguridad ALAS. Actualmente [&hellip;]<\/p>\n","protected":false},"author":2,"featured_media":0,"parent":617,"menu_order":1,"comment_status":"closed","ping_status":"closed","template":"","meta":{"ngg_post_thumbnail":0},"aioseo_notices":[],"_links":{"self":[{"href":"https:\/\/georedes.com.co\/geo\/wp-json\/wp\/v2\/pages\/316"}],"collection":[{"href":"https:\/\/georedes.com.co\/geo\/wp-json\/wp\/v2\/pages"}],"about":[{"href":"https:\/\/georedes.com.co\/geo\/wp-json\/wp\/v2\/types\/page"}],"author":[{"embeddable":true,"href":"https:\/\/georedes.com.co\/geo\/wp-json\/wp\/v2\/users\/2"}],"replies":[{"embeddable":true,"href":"https:\/\/georedes.com.co\/geo\/wp-json\/wp\/v2\/comments?post=316"}],"version-history":[{"count":10,"href":"https:\/\/georedes.com.co\/geo\/wp-json\/wp\/v2\/pages\/316\/revisions"}],"predecessor-version":[{"id":749,"href":"https:\/\/georedes.com.co\/geo\/wp-json\/wp\/v2\/pages\/316\/revisions\/749"}],"up":[{"embeddable":true,"href":"https:\/\/georedes.com.co\/geo\/wp-json\/wp\/v2\/pages\/617"}],"wp:attachment":[{"href":"https:\/\/georedes.com.co\/geo\/wp-json\/wp\/v2\/media?parent=316"}],"curies":[{"name":"wp","href":"https:\/\/api.w.org\/{rel}","templated":true}]}}