{"id":344,"date":"2016-08-22T04:03:50","date_gmt":"2016-08-22T04:03:50","guid":{"rendered":"http:\/\/georedes.com.co\/geo\/?page_id=344"},"modified":"2021-12-12T20:17:19","modified_gmt":"2021-12-13T01:17:19","slug":"sistemas-de-aire-acondicionado","status":"publish","type":"page","link":"https:\/\/georedes.com.co\/geo\/servicios\/obras-civiles-y-mantenimientos-locativos\/sistemas-de-aire-acondicionado\/","title":{"rendered":"Sistemas de aire acondicionado"},"content":{"rendered":"<p style=\"text-align: justify;\">GEOREDES INGENIEROS S.A.S, le ofrece instalaci\u00f3n y mantenimiento de sistemas de aire acondicionado para su hogar, empresa o negocio, seg\u00fan sean sus necesidades.&nbsp; Trabajamos con refrigerante ecol\u00f3gico R-410 &#8211; Equipos con tecnolog\u00eda Inverter que permite un mayor ahorro de energ\u00eda.<\/p>\n<p style=\"text-align: justify;\"><a href=\"http:\/\/georedes.com.co\/geo\/wp-content\/uploads\/2016\/08\/aire-acondicionado-sistemas-georedes-ingenieros-cali.jpg\"><img decoding=\"async\" loading=\"lazy\" class=\"alignnone size-full wp-image-345\" src=\"http:\/\/georedes.com.co\/geo\/wp-content\/uploads\/2016\/08\/aire-acondicionado-sistemas-georedes-ingenieros-cali.jpg\" alt=\"aire-acondicionado-sistemas-georedes-ingenieros-cali\" width=\"600\" height=\"222\" srcset=\"https:\/\/georedes.com.co\/geo\/wp-content\/uploads\/2016\/08\/aire-acondicionado-sistemas-georedes-ingenieros-cali.jpg 600w, https:\/\/georedes.com.co\/geo\/wp-content\/uploads\/2016\/08\/aire-acondicionado-sistemas-georedes-ingenieros-cali-300x111.jpg 300w\" sizes=\"(max-width: 600px) 100vw, 600px\" \/><\/a><\/p>\n<p style=\"text-align: justify;\">Con un aire acondicionado trabajar\u00e1 m\u00e1s c\u00f3modo en su casa, negocio o empresa,&nbsp; reduciendo el calor cuando usted lo desee, GEOREDES INGENIEROS S.A.S buscar\u00e1 los sitios estrat\u00e9gicos en su lugar de trabajo o casa para ser instalado de la mejor forma y disfrutar de toda la potencia del aire, el cual le proporcionar\u00e1 ahorro de energ\u00eda.<\/p>\n<h3><span style=\"color: #0000ff;\">OTROS SERVICIOS DE OBRAS CIVILES Y MANTENIMIENTOS LOCATIVOS:<\/span><\/h3>\n<ul>\n<li><a href=\"http:\/\/georedes.com.co\/geo\/servicios\/obras-civiles-y-mantenimientos-locativos\/obras-civiles-complementarias\/\">Obras civiles complementarias<\/a><\/li>\n<li><a href=\"http:\/\/georedes.com.co\/geo\/servicios\/obras-civiles-y-mantenimientos-locativos\/pintura-interiores-y-exteriores\/\">Pintura interiores y exteriores<\/a><\/li>\n<li><a href=\"http:\/\/georedes.com.co\/geo\/servicios\/obras-civiles-y-mantenimientos-locativos\/sistemas-hidrosanitarios\/\">Sistemas hidrosanitarios<\/a><\/li>\n<\/ul>\n<h3 style=\"text-align: justify;\"><a href=\"http:\/\/georedes.com.co\/geo\/contacto\/\">Si necesita saber m\u00e1s acerca de nuestros servicios de ingenier\u00eda por favor comun\u00edquese con nosotros:<\/a><\/h3>\n<p style=\"text-align: justify;\">&nbsp;<\/p>\n","protected":false},"excerpt":{"rendered":"<p>GEOREDES INGENIEROS S.A.S, le ofrece instalaci\u00f3n y mantenimiento de sistemas de aire acondicionado para su hogar, empresa o negocio, seg\u00fan sean sus necesidades.&nbsp; Trabajamos con refrigerante ecol\u00f3gico R-410 &#8211; Equipos con tecnolog\u00eda Inverter que permite un mayor ahorro de energ\u00eda. Con un aire acondicionado trabajar\u00e1 m\u00e1s c\u00f3modo en su casa, negocio o empresa,&nbsp; reduciendo el [&hellip;]<\/p>\n","protected":false},"author":2,"featured_media":0,"parent":92,"menu_order":1,"comment_status":"closed","ping_status":"closed","template":"","meta":{"ngg_post_thumbnail":0},"aioseo_notices":[],"_links":{"self":[{"href":"https:\/\/georedes.com.co\/geo\/wp-json\/wp\/v2\/pages\/344"}],"collection":[{"href":"https:\/\/georedes.com.co\/geo\/wp-json\/wp\/v2\/pages"}],"about":[{"href":"https:\/\/georedes.com.co\/geo\/wp-json\/wp\/v2\/types\/page"}],"author":[{"embeddable":true,"href":"https:\/\/georedes.com.co\/geo\/wp-json\/wp\/v2\/users\/2"}],"replies":[{"embeddable":true,"href":"https:\/\/georedes.com.co\/geo\/wp-json\/wp\/v2\/comments?post=344"}],"version-history":[{"count":6,"href":"https:\/\/georedes.com.co\/geo\/wp-json\/wp\/v2\/pages\/344\/revisions"}],"predecessor-version":[{"id":754,"href":"https:\/\/georedes.com.co\/geo\/wp-json\/wp\/v2\/pages\/344\/revisions\/754"}],"up":[{"embeddable":true,"href":"https:\/\/georedes.com.co\/geo\/wp-json\/wp\/v2\/pages\/92"}],"wp:attachment":[{"href":"https:\/\/georedes.com.co\/geo\/wp-json\/wp\/v2\/media?parent=344"}],"curies":[{"name":"wp","href":"https:\/\/api.w.org\/{rel}","templated":true}]}}