{"id":347,"date":"2016-08-20T04:04:25","date_gmt":"2016-08-20T04:04:25","guid":{"rendered":"http:\/\/georedes.com.co\/geo\/?page_id=347"},"modified":"2021-12-12T20:17:22","modified_gmt":"2021-12-13T01:17:22","slug":"obras-civiles-complementarias","status":"publish","type":"page","link":"https:\/\/georedes.com.co\/geo\/servicios\/obras-civiles-y-mantenimientos-locativos\/obras-civiles-complementarias\/","title":{"rendered":"Obras civiles complementarias"},"content":{"rendered":"<p style=\"text-align: justify;\">GEOREDES INGENIEROS S.A.S, est\u00e1 en la capacidad de ofrecerle el servicio que va ligado en las \u00e1reas de construcci\u00f3n para que usted como cliente se sienta satisfecho en su hogar o lugar de trabajo, disfrutando del mejor confort.<\/p>\n<p style=\"text-align: justify;\">Actualmente contamos con personal calificado y especializado para brindarle asesor\u00eda y en la elaboracion de:<\/p>\n<h3 style=\"text-align: justify;\"><span style=\"color: #0000ff;\"><strong>Obra gris<\/strong><\/span><\/h3>\n<p style=\"text-align: justify;\"><a href=\"http:\/\/georedes.com.co\/geo\/wp-content\/uploads\/2016\/08\/obra-gris-mantenimiento-locativo-obra-civil-ingenieros-georedes.jpg\"><img decoding=\"async\" loading=\"lazy\" class=\"alignnone size-full wp-image-348\" src=\"http:\/\/georedes.com.co\/geo\/wp-content\/uploads\/2016\/08\/obra-gris-mantenimiento-locativo-obra-civil-ingenieros-georedes.jpg\" alt=\"obra-gris-mantenimiento-locativo-obra-civil-ingenieros-georedes\" width=\"189\" height=\"157\"><\/a><\/p>\n<p style=\"text-align: justify;\">Estructuras de concreto, dise\u00f1o, pa\u00f1etes, replanteo, demolici\u00f3n, estucos y alistados.<\/p>\n<h3 style=\"text-align: justify;\"><strong><span style=\"color: #0000ff;\">Acabados<\/span><\/strong><\/h3>\n<p style=\"text-align: justify;\"><a href=\"http:\/\/georedes.com.co\/geo\/wp-content\/uploads\/2016\/08\/obra-acabados-mantenimientos-locativos-georedes-cali.jpg\"><img decoding=\"async\" loading=\"lazy\" class=\"alignnone size-full wp-image-349\" src=\"http:\/\/georedes.com.co\/geo\/wp-content\/uploads\/2016\/08\/obra-acabados-mantenimientos-locativos-georedes-cali.jpg\" alt=\"obra-acabados-mantenimientos-locativos-georedes-cali\" width=\"189\" height=\"157\"><\/a><\/p>\n<p style=\"text-align: justify;\">Muros de Dry Wall, enchapes para muros, estucos venecianos, superboard, estructuras met\u00e1licas, carpinter\u00eda en madera y todo lo relacionado con acabados.<\/p>\n<h3 style=\"text-align: justify;\"><strong><span style=\"color: #0000ff;\">Cielos y pisos<\/span><\/strong><\/h3>\n<p style=\"text-align: justify;\"><a href=\"http:\/\/georedes.com.co\/geo\/wp-content\/uploads\/2016\/08\/obra-techo-cielos-acabados-mantenimiento-y-obra-civil-georedes-cali.jpg\"><img decoding=\"async\" loading=\"lazy\" class=\"alignnone size-full wp-image-350\" src=\"http:\/\/georedes.com.co\/geo\/wp-content\/uploads\/2016\/08\/obra-techo-cielos-acabados-mantenimiento-y-obra-civil-georedes-cali.jpg\" alt=\"obra-techo-cielos-acabados-mantenimiento-y-obra-civil-georedes-cali\" width=\"189\" height=\"157\"><\/a><\/p>\n<p style=\"text-align: justify;\">Cielos en Fibrocemento, panel yeso, fibra mineral, machimbre en madera, PVC,&nbsp; icopor, superboard.<\/p>\n<p style=\"text-align: justify;\">Pisos en vinilo, cer\u00e1mica, madera, m\u00e1rmol, granito, laminados en concreto y sint\u00e9ticos.<\/p>\n<h3><span style=\"color: #0000ff;\">OTROS SERVICIOS DE OBRAS CIVILES Y MANTENIMIENTOS LOCATIVOS:<\/span><\/h3>\n<ul>\n<li><a href=\"http:\/\/georedes.com.co\/geo\/servicios\/obras-civiles-y-mantenimientos-locativos\/sistemas-de-aire-acondicionado\/\">Sistemas de aire acondicionado<\/a><\/li>\n<li><a href=\"http:\/\/georedes.com.co\/geo\/servicios\/obras-civiles-y-mantenimientos-locativos\/pintura-interiores-y-exteriores\/\">Pintura interiores y exteriores<\/a><\/li>\n<li><a href=\"http:\/\/georedes.com.co\/geo\/servicios\/obras-civiles-y-mantenimientos-locativos\/sistemas-hidrosanitarios\/\">Sistemas hidrosanitarios<\/a><\/li>\n<\/ul>\n<h3 style=\"text-align: justify;\"><a href=\"http:\/\/georedes.com.co\/geo\/contacto\/\">Si necesita saber m\u00e1s acerca de nuestros servicios de ingenier\u00eda por favor comun\u00edquese con nosotros:<\/a><\/h3>\n<p style=\"text-align: justify;\">&nbsp;<\/p>\n","protected":false},"excerpt":{"rendered":"<p>GEOREDES INGENIEROS S.A.S, est\u00e1 en la capacidad de ofrecerle el servicio que va ligado en las \u00e1reas de construcci\u00f3n para que usted como cliente se sienta satisfecho en su hogar o lugar de trabajo, disfrutando del mejor confort. Actualmente contamos con personal calificado y especializado para brindarle asesor\u00eda y en la elaboracion de: Obra gris [&hellip;]<\/p>\n","protected":false},"author":2,"featured_media":0,"parent":92,"menu_order":2,"comment_status":"closed","ping_status":"closed","template":"","meta":{"ngg_post_thumbnail":0},"aioseo_notices":[],"_links":{"self":[{"href":"https:\/\/georedes.com.co\/geo\/wp-json\/wp\/v2\/pages\/347"}],"collection":[{"href":"https:\/\/georedes.com.co\/geo\/wp-json\/wp\/v2\/pages"}],"about":[{"href":"https:\/\/georedes.com.co\/geo\/wp-json\/wp\/v2\/types\/page"}],"author":[{"embeddable":true,"href":"https:\/\/georedes.com.co\/geo\/wp-json\/wp\/v2\/users\/2"}],"replies":[{"embeddable":true,"href":"https:\/\/georedes.com.co\/geo\/wp-json\/wp\/v2\/comments?post=347"}],"version-history":[{"count":3,"href":"https:\/\/georedes.com.co\/geo\/wp-json\/wp\/v2\/pages\/347\/revisions"}],"predecessor-version":[{"id":755,"href":"https:\/\/georedes.com.co\/geo\/wp-json\/wp\/v2\/pages\/347\/revisions\/755"}],"up":[{"embeddable":true,"href":"https:\/\/georedes.com.co\/geo\/wp-json\/wp\/v2\/pages\/92"}],"wp:attachment":[{"href":"https:\/\/georedes.com.co\/geo\/wp-json\/wp\/v2\/media?parent=347"}],"curies":[{"name":"wp","href":"https:\/\/api.w.org\/{rel}","templated":true}]}}