{"id":358,"date":"2016-08-20T04:14:26","date_gmt":"2016-08-20T04:14:26","guid":{"rendered":"http:\/\/georedes.com.co\/geo\/?page_id=358"},"modified":"2021-12-12T20:17:32","modified_gmt":"2021-12-13T01:17:32","slug":"sistemas-hidrosanitarios","status":"publish","type":"page","link":"https:\/\/georedes.com.co\/geo\/servicios\/obras-civiles-y-mantenimientos-locativos\/sistemas-hidrosanitarios\/","title":{"rendered":"Sistemas hidrosanitarios"},"content":{"rendered":"<p style=\"text-align: justify;\">GEOREDES INGENIEROS S.A.S.&nbsp; le ofrece instalaci\u00f3n y mantenimiento de sistemas hidrosanitarios para su hogar, empresa o negocio, seg\u00fan sean sus necesidades.<\/p>\n<p style=\"text-align: justify;\"><a href=\"http:\/\/georedes.com.co\/geo\/wp-content\/uploads\/2016\/08\/sistemas-hidrosanitarios-georedes.jpg\"><img decoding=\"async\" loading=\"lazy\" class=\"alignnone size-full wp-image-360\" src=\"http:\/\/georedes.com.co\/geo\/wp-content\/uploads\/2016\/08\/sistemas-hidrosanitarios-georedes.jpg\" alt=\"sistemas-hidrosanitarios-georedes\" width=\"600\" height=\"184\" srcset=\"https:\/\/georedes.com.co\/geo\/wp-content\/uploads\/2016\/08\/sistemas-hidrosanitarios-georedes.jpg 600w, https:\/\/georedes.com.co\/geo\/wp-content\/uploads\/2016\/08\/sistemas-hidrosanitarios-georedes-300x92.jpg 300w\" sizes=\"(max-width: 600px) 100vw, 600px\" \/><\/a><\/p>\n<p style=\"text-align: justify;\">Instalaci\u00f3n sanitaria:&nbsp; Contamos con personal especializado y calificado para la instalaci\u00f3n sanitaria,&nbsp; lo que comprende:&nbsp; Tuber\u00edas de conexi\u00f3n y conducci\u00f3n, obturadores hidr\u00e1ulicos como trampas tipo s y tipo p, caladeras, sifones, cepoles.&nbsp; Sea el caso para la evacuaci\u00f3n, ventilaci\u00f3n y obturaci\u00f3n de aguas negras en el hogar o una edificaci\u00f3n.<\/p>\n<h3><span style=\"color: #0000ff;\">OTROS SERVICIOS DE OBRAS CIVILES Y MANTENIMIENTOS LOCATIVOS:<\/span><\/h3>\n<ul>\n<li><a href=\"http:\/\/georedes.com.co\/geo\/servicios\/obras-civiles-y-mantenimientos-locativos\/sistemas-de-aire-acondicionado\/\">Sistemas de aire acondicionado<\/a><\/li>\n<li><a href=\"http:\/\/georedes.com.co\/geo\/servicios\/obras-civiles-y-mantenimientos-locativos\/obras-civiles-complementarias\/\">Obras civiles complementarias<\/a><\/li>\n<li><a href=\"http:\/\/georedes.com.co\/geo\/servicios\/obras-civiles-y-mantenimientos-locativos\/pintura-interiores-y-exteriores\/\">Pintura interiores y exteriores<\/a><\/li>\n<\/ul>\n<h3 style=\"text-align: justify;\"><a href=\"http:\/\/georedes.com.co\/geo\/contacto\/\">Si necesita saber m\u00e1s acerca de nuestros servicios de ingenier\u00eda por favor comun\u00edquese con nosotros:<\/a><\/h3>\n<p style=\"text-align: justify;\">&nbsp;<\/p>\n","protected":false},"excerpt":{"rendered":"<p>GEOREDES INGENIEROS S.A.S.&nbsp; le ofrece instalaci\u00f3n y mantenimiento de sistemas hidrosanitarios para su hogar, empresa o negocio, seg\u00fan sean sus necesidades. Instalaci\u00f3n sanitaria:&nbsp; Contamos con personal especializado y calificado para la instalaci\u00f3n sanitaria,&nbsp; lo que comprende:&nbsp; Tuber\u00edas de conexi\u00f3n y conducci\u00f3n, obturadores hidr\u00e1ulicos como trampas tipo s y tipo p, caladeras, sifones, cepoles.&nbsp; Sea el [&hellip;]<\/p>\n","protected":false},"author":2,"featured_media":0,"parent":92,"menu_order":4,"comment_status":"closed","ping_status":"closed","template":"","meta":{"ngg_post_thumbnail":0},"aioseo_notices":[],"_links":{"self":[{"href":"https:\/\/georedes.com.co\/geo\/wp-json\/wp\/v2\/pages\/358"}],"collection":[{"href":"https:\/\/georedes.com.co\/geo\/wp-json\/wp\/v2\/pages"}],"about":[{"href":"https:\/\/georedes.com.co\/geo\/wp-json\/wp\/v2\/types\/page"}],"author":[{"embeddable":true,"href":"https:\/\/georedes.com.co\/geo\/wp-json\/wp\/v2\/users\/2"}],"replies":[{"embeddable":true,"href":"https:\/\/georedes.com.co\/geo\/wp-json\/wp\/v2\/comments?post=358"}],"version-history":[{"count":5,"href":"https:\/\/georedes.com.co\/geo\/wp-json\/wp\/v2\/pages\/358\/revisions"}],"predecessor-version":[{"id":757,"href":"https:\/\/georedes.com.co\/geo\/wp-json\/wp\/v2\/pages\/358\/revisions\/757"}],"up":[{"embeddable":true,"href":"https:\/\/georedes.com.co\/geo\/wp-json\/wp\/v2\/pages\/92"}],"wp:attachment":[{"href":"https:\/\/georedes.com.co\/geo\/wp-json\/wp\/v2\/media?parent=358"}],"curies":[{"name":"wp","href":"https:\/\/api.w.org\/{rel}","templated":true}]}}