{"id":362,"date":"2016-08-20T04:17:52","date_gmt":"2016-08-20T04:17:52","guid":{"rendered":"http:\/\/georedes.com.co\/geo\/?page_id=362"},"modified":"2021-12-12T20:18:02","modified_gmt":"2021-12-13T01:18:02","slug":"sistemas-de-iluminacion","status":"publish","type":"page","link":"https:\/\/georedes.com.co\/geo\/servicios\/redes-electricas\/sistemas-de-iluminacion\/","title":{"rendered":"Sistemas de iluminaci\u00f3n"},"content":{"rendered":"<p style=\"text-align: justify;\">GEOREDES INGENIEROS S.A.S.&nbsp; cuenta con personal para la instalaci\u00f3n y mantenimiento de sistemas de iluminaci\u00f3n de su empresa, negocio o el hogar.&nbsp; Nos adaptamos a sus necesidades.<\/p>\n<p style=\"text-align: justify;\"><a href=\"http:\/\/georedes.com.co\/geo\/wp-content\/uploads\/2016\/08\/sistemas-de-iluminacion-georedes.jpg\"><img decoding=\"async\" loading=\"lazy\" class=\"alignnone size-full wp-image-363\" src=\"http:\/\/georedes.com.co\/geo\/wp-content\/uploads\/2016\/08\/sistemas-de-iluminacion-georedes.jpg\" alt=\"sistemas-de-iluminacion-georedes\" width=\"600\" height=\"200\" srcset=\"https:\/\/georedes.com.co\/geo\/wp-content\/uploads\/2016\/08\/sistemas-de-iluminacion-georedes.jpg 600w, https:\/\/georedes.com.co\/geo\/wp-content\/uploads\/2016\/08\/sistemas-de-iluminacion-georedes-300x100.jpg 300w\" sizes=\"(max-width: 600px) 100vw, 600px\" \/><\/a><\/p>\n<p style=\"text-align: justify;\">Un buen sistema de iluminaci\u00f3n hace que la manera de trabajar sea de forma eficiente y segura, hoy por hoy, la iluminaci\u00f3n se usa para crear atm\u00f3sferas agradables, y como un medio para proporcionar confort.&nbsp; La iluminaci\u00f3n mejora nuestra percepci\u00f3n visual,&nbsp; sea en el hogar o sitio de trabajo, tambi\u00e9n para estimular nuestros estados de \u00e1nimo.<\/p>\n<p style=\"text-align: justify;\">Actualmente contamos con la instalaci\u00f3n de sistemas de iluminaci\u00f3n en entornos generales, entornos de tareas, acentuaci\u00f3n y ambientes.<\/p>\n<h3><span style=\"color: #0000ff;\">OTROS SERVICIOS DE REDES ELECTRICAS :<\/span><\/h3>\n<ul>\n<li><a href=\"http:\/\/georedes.com.co\/geo\/servicios\/redes-electricas\/sistemas-de-apantallamiento\/\">Sistemas de apantallamiento<\/a><\/li>\n<li><a href=\"http:\/\/georedes.com.co\/geo\/servicios\/redes-electricas\/redes-electricas-circuitos-normales-y-regulados\/\">Redes el\u00e9ctricas, circuitos normales y regulados<\/a><\/li>\n<li><a href=\"http:\/\/georedes.com.co\/geo\/servicios\/redes-electricas\/sistemas-de-energia-renovable-paneles-solares\/\">Sistemas de energ\u00eda renovable &#8211; P\u00e1neles solares<\/a><\/li>\n<li><a href=\"http:\/\/georedes.com.co\/geo\/servicios\/redes-electricas\/sistemas-de-puestas-a-tierra\/\">Sistemas de puestas a tierra.<\/a><\/li>\n<\/ul>\n<h3 style=\"text-align: justify;\"><a href=\"http:\/\/georedes.com.co\/geo\/contacto\/\">Si necesita saber m\u00e1s acerca de nuestros servicios de ingenier\u00eda por favor comun\u00edquese con nosotros:<\/a><\/h3>\n<p style=\"text-align: justify;\">&nbsp;<\/p>\n","protected":false},"excerpt":{"rendered":"<p>GEOREDES INGENIEROS S.A.S.&nbsp; cuenta con personal para la instalaci\u00f3n y mantenimiento de sistemas de iluminaci\u00f3n de su empresa, negocio o el hogar.&nbsp; Nos adaptamos a sus necesidades. Un buen sistema de iluminaci\u00f3n hace que la manera de trabajar sea de forma eficiente y segura, hoy por hoy, la iluminaci\u00f3n se usa para crear atm\u00f3sferas agradables, [&hellip;]<\/p>\n","protected":false},"author":2,"featured_media":0,"parent":95,"menu_order":1,"comment_status":"closed","ping_status":"closed","template":"","meta":{"ngg_post_thumbnail":0},"aioseo_notices":[],"_links":{"self":[{"href":"https:\/\/georedes.com.co\/geo\/wp-json\/wp\/v2\/pages\/362"}],"collection":[{"href":"https:\/\/georedes.com.co\/geo\/wp-json\/wp\/v2\/pages"}],"about":[{"href":"https:\/\/georedes.com.co\/geo\/wp-json\/wp\/v2\/types\/page"}],"author":[{"embeddable":true,"href":"https:\/\/georedes.com.co\/geo\/wp-json\/wp\/v2\/users\/2"}],"replies":[{"embeddable":true,"href":"https:\/\/georedes.com.co\/geo\/wp-json\/wp\/v2\/comments?post=362"}],"version-history":[{"count":6,"href":"https:\/\/georedes.com.co\/geo\/wp-json\/wp\/v2\/pages\/362\/revisions"}],"predecessor-version":[{"id":759,"href":"https:\/\/georedes.com.co\/geo\/wp-json\/wp\/v2\/pages\/362\/revisions\/759"}],"up":[{"embeddable":true,"href":"https:\/\/georedes.com.co\/geo\/wp-json\/wp\/v2\/pages\/95"}],"wp:attachment":[{"href":"https:\/\/georedes.com.co\/geo\/wp-json\/wp\/v2\/media?parent=362"}],"curies":[{"name":"wp","href":"https:\/\/api.w.org\/{rel}","templated":true}]}}