{"id":365,"date":"2016-08-20T04:21:11","date_gmt":"2016-08-20T04:21:11","guid":{"rendered":"http:\/\/georedes.com.co\/geo\/?page_id=365"},"modified":"2021-12-12T20:18:06","modified_gmt":"2021-12-13T01:18:06","slug":"sistemas-de-apantallamiento","status":"publish","type":"page","link":"https:\/\/georedes.com.co\/geo\/servicios\/redes-electricas\/sistemas-de-apantallamiento\/","title":{"rendered":"Sistemas de apantallamiento"},"content":{"rendered":"<p style=\"text-align: justify;\">GEOREDES INGENIEROS S.A.S. cuenta con personal calificado para la instalaci\u00f3n de sistemas de apantallamiento lo que garantiza que cuando caiga un rayo en una edificaci\u00f3n, no se produzcan da\u00f1os a la misma como (incendios o ca\u00edda de material), y lo m\u00e1s importante proteger la integridad de las personas y equipos de trabajo.<\/p>\n<p style=\"text-align: justify;\"><a href=\"http:\/\/georedes.com.co\/geo\/wp-content\/uploads\/2016\/08\/sistema-de-apantallamiento-georedes.jpg\"><img decoding=\"async\" loading=\"lazy\" class=\"alignnone size-full wp-image-366\" src=\"http:\/\/georedes.com.co\/geo\/wp-content\/uploads\/2016\/08\/sistema-de-apantallamiento-georedes.jpg\" alt=\"sistema-de-apantallamiento-georedes\" width=\"600\" height=\"200\" srcset=\"https:\/\/georedes.com.co\/geo\/wp-content\/uploads\/2016\/08\/sistema-de-apantallamiento-georedes.jpg 600w, https:\/\/georedes.com.co\/geo\/wp-content\/uploads\/2016\/08\/sistema-de-apantallamiento-georedes-300x100.jpg 300w\" sizes=\"(max-width: 600px) 100vw, 600px\" \/><\/a><\/p>\n<h3 style=\"text-align: justify;\"><strong><span style=\"color: #0000ff;\">Beneficios:<\/span><\/strong><\/h3>\n<ul>\n<li style=\"text-align: justify;\">Disminuci\u00f3n de problemas de interferencia en la operaci\u00f3n de los equipos.<\/li>\n<li style=\"text-align: justify;\">Reducci\u00f3n o eliminaci\u00f3n de da\u00f1os producidos, los que representan un alto esfuerzo y costo monetario de reparaci\u00f3n, reposici\u00f3n y perdidas provocadas por paradas en la producci\u00f3n.<\/li>\n<li style=\"text-align: justify;\">Protecci\u00f3n efectiva de las edificaciones, equipos y del personal ante tormentas el\u00e9ctricas.<\/li>\n<li style=\"text-align: justify;\">Para representar ahorros considerables se minimizara la cantidad de material requerido para lograr protecci\u00f3n eficiente.<\/li>\n<li style=\"text-align: justify;\">Descuentos en las p\u00f3lizas de seguros debido a la disminuci\u00f3n dr\u00e1stica o eliminaci\u00f3n total del riesgo.<\/li>\n<\/ul>\n<h3><span style=\"color: #0000ff;\">OTROS SERVICIOS DE REDES ELECTRICAS :<\/span><\/h3>\n<ul>\n<li><a href=\"http:\/\/georedes.com.co\/geo\/servicios\/redes-electricas\/sistemas-de-iluminacion\/\">Sistemas de iluminaci\u00f3n<\/a><\/li>\n<li><a href=\"http:\/\/georedes.com.co\/geo\/servicios\/redes-electricas\/redes-electricas-circuitos-normales-y-regulados\/\">Redes el\u00e9ctricas, circuitos normales y regulados<\/a><\/li>\n<li><a href=\"http:\/\/georedes.com.co\/geo\/servicios\/redes-electricas\/sistemas-de-energia-renovable-paneles-solares\/\">Sistemas de energ\u00eda renovable &#8211; P\u00e1neles solares<\/a><\/li>\n<li><a href=\"http:\/\/georedes.com.co\/geo\/servicios\/redes-electricas\/sistemas-de-puestas-a-tierra\/\">Sistemas de puestas a tierra.<\/a><\/li>\n<\/ul>\n<h3 style=\"text-align: justify;\"><a href=\"http:\/\/georedes.com.co\/geo\/contacto\/\">Si necesita saber m\u00e1s acerca de nuestros servicios de ingenier\u00eda por favor comun\u00edquese con nosotros:<\/a><\/h3>\n<p style=\"text-align: justify;\">&nbsp;<\/p>\n","protected":false},"excerpt":{"rendered":"<p>GEOREDES INGENIEROS S.A.S. cuenta con personal calificado para la instalaci\u00f3n de sistemas de apantallamiento lo que garantiza que cuando caiga un rayo en una edificaci\u00f3n, no se produzcan da\u00f1os a la misma como (incendios o ca\u00edda de material), y lo m\u00e1s importante proteger la integridad de las personas y equipos de trabajo. Beneficios: Disminuci\u00f3n de [&hellip;]<\/p>\n","protected":false},"author":2,"featured_media":0,"parent":95,"menu_order":2,"comment_status":"closed","ping_status":"closed","template":"","meta":{"ngg_post_thumbnail":0},"aioseo_notices":[],"_links":{"self":[{"href":"https:\/\/georedes.com.co\/geo\/wp-json\/wp\/v2\/pages\/365"}],"collection":[{"href":"https:\/\/georedes.com.co\/geo\/wp-json\/wp\/v2\/pages"}],"about":[{"href":"https:\/\/georedes.com.co\/geo\/wp-json\/wp\/v2\/types\/page"}],"author":[{"embeddable":true,"href":"https:\/\/georedes.com.co\/geo\/wp-json\/wp\/v2\/users\/2"}],"replies":[{"embeddable":true,"href":"https:\/\/georedes.com.co\/geo\/wp-json\/wp\/v2\/comments?post=365"}],"version-history":[{"count":4,"href":"https:\/\/georedes.com.co\/geo\/wp-json\/wp\/v2\/pages\/365\/revisions"}],"predecessor-version":[{"id":760,"href":"https:\/\/georedes.com.co\/geo\/wp-json\/wp\/v2\/pages\/365\/revisions\/760"}],"up":[{"embeddable":true,"href":"https:\/\/georedes.com.co\/geo\/wp-json\/wp\/v2\/pages\/95"}],"wp:attachment":[{"href":"https:\/\/georedes.com.co\/geo\/wp-json\/wp\/v2\/media?parent=365"}],"curies":[{"name":"wp","href":"https:\/\/api.w.org\/{rel}","templated":true}]}}