{"id":368,"date":"2016-08-20T04:23:48","date_gmt":"2016-08-20T04:23:48","guid":{"rendered":"http:\/\/georedes.com.co\/geo\/?page_id=368"},"modified":"2021-12-12T20:18:22","modified_gmt":"2021-12-13T01:18:22","slug":"redes-electricas-circuitos-normales-y-regulados","status":"publish","type":"page","link":"https:\/\/georedes.com.co\/geo\/servicios\/redes-electricas\/redes-electricas-circuitos-normales-y-regulados\/","title":{"rendered":"Redes el\u00e9ctricas, circuitos normales y regulados"},"content":{"rendered":"<p style=\"text-align: justify;\">Nuestra empresa GEOREDES INGENIEROS S.A.S. cuenta con personal profesional y capacitado en la instalaci\u00f3n de redes para circuitos normales y regulados, con el fin de asegurar la protecci\u00f3n de aparatos el\u00e9ctricos y electr\u00f3nicos frente a posibles variaciones de potencial (tensi\u00f3n\/voltaje), descargas el\u00e9ctricas y alteraciones en la corriente de distribuci\u00f3n el\u00e9ctrica.<\/p>\n<p style=\"text-align: justify;\"><a href=\"http:\/\/georedes.com.co\/geo\/wp-content\/uploads\/2016\/08\/redes-electricas-circuitos-normales-y-regulados-georedes.jpg\"><img decoding=\"async\" loading=\"lazy\" class=\"alignnone size-full wp-image-369\" src=\"http:\/\/georedes.com.co\/geo\/wp-content\/uploads\/2016\/08\/redes-electricas-circuitos-normales-y-regulados-georedes.jpg\" alt=\"redes-electricas-circuitos-normales-y-regulados-georedes\" width=\"600\" height=\"222\" srcset=\"https:\/\/georedes.com.co\/geo\/wp-content\/uploads\/2016\/08\/redes-electricas-circuitos-normales-y-regulados-georedes.jpg 600w, https:\/\/georedes.com.co\/geo\/wp-content\/uploads\/2016\/08\/redes-electricas-circuitos-normales-y-regulados-georedes-300x111.jpg 300w\" sizes=\"(max-width: 600px) 100vw, 600px\" \/><\/a><\/p>\n<p style=\"text-align: justify;\">Fundamentados con conocimientos en el manejo de variables conmutables y variables l\u00f3gicas negada que logran una adecuada utilizaci\u00f3n de interruptores y transistores, permitiendo que la circulaci\u00f3n de corriente se lleve a cabo de manera correcta y no se sature generando fallas en el sistema el\u00e9ctrico.<\/p>\n<h3><span style=\"color: #0000ff;\">OTROS SERVICIOS DE REDES ELECTRICAS :<\/span><\/h3>\n<ul>\n<li><a href=\"http:\/\/georedes.com.co\/geo\/servicios\/redes-electricas\/sistemas-de-iluminacion\/\">Sistemas de iluminaci\u00f3n<\/a><\/li>\n<li><a href=\"http:\/\/georedes.com.co\/geo\/servicios\/redes-electricas\/sistemas-de-apantallamiento\/\">Sistemas de apantallamiento<\/a><\/li>\n<li><a href=\"http:\/\/georedes.com.co\/geo\/servicios\/redes-electricas\/sistemas-de-energia-renovable-paneles-solares\/\">Sistemas de energ\u00eda renovable &#8211; P\u00e1neles solares<\/a><\/li>\n<li><a href=\"http:\/\/georedes.com.co\/geo\/servicios\/redes-electricas\/sistemas-de-puestas-a-tierra\/\">Sistemas de puestas a tierra.<\/a><\/li>\n<\/ul>\n<h3 style=\"text-align: justify;\"><a href=\"http:\/\/georedes.com.co\/geo\/contacto\/\">Si necesita saber m\u00e1s acerca de nuestros servicios de ingenier\u00eda por favor comun\u00edquese con nosotros:<\/a><\/h3>\n<p style=\"text-align: justify;\">&nbsp;<\/p>\n","protected":false},"excerpt":{"rendered":"<p>Nuestra empresa GEOREDES INGENIEROS S.A.S. cuenta con personal profesional y capacitado en la instalaci\u00f3n de redes para circuitos normales y regulados, con el fin de asegurar la protecci\u00f3n de aparatos el\u00e9ctricos y electr\u00f3nicos frente a posibles variaciones de potencial (tensi\u00f3n\/voltaje), descargas el\u00e9ctricas y alteraciones en la corriente de distribuci\u00f3n el\u00e9ctrica. Fundamentados con conocimientos en el [&hellip;]<\/p>\n","protected":false},"author":2,"featured_media":0,"parent":95,"menu_order":3,"comment_status":"closed","ping_status":"closed","template":"","meta":{"ngg_post_thumbnail":0},"aioseo_notices":[],"_links":{"self":[{"href":"https:\/\/georedes.com.co\/geo\/wp-json\/wp\/v2\/pages\/368"}],"collection":[{"href":"https:\/\/georedes.com.co\/geo\/wp-json\/wp\/v2\/pages"}],"about":[{"href":"https:\/\/georedes.com.co\/geo\/wp-json\/wp\/v2\/types\/page"}],"author":[{"embeddable":true,"href":"https:\/\/georedes.com.co\/geo\/wp-json\/wp\/v2\/users\/2"}],"replies":[{"embeddable":true,"href":"https:\/\/georedes.com.co\/geo\/wp-json\/wp\/v2\/comments?post=368"}],"version-history":[{"count":4,"href":"https:\/\/georedes.com.co\/geo\/wp-json\/wp\/v2\/pages\/368\/revisions"}],"predecessor-version":[{"id":761,"href":"https:\/\/georedes.com.co\/geo\/wp-json\/wp\/v2\/pages\/368\/revisions\/761"}],"up":[{"embeddable":true,"href":"https:\/\/georedes.com.co\/geo\/wp-json\/wp\/v2\/pages\/95"}],"wp:attachment":[{"href":"https:\/\/georedes.com.co\/geo\/wp-json\/wp\/v2\/media?parent=368"}],"curies":[{"name":"wp","href":"https:\/\/api.w.org\/{rel}","templated":true}]}}