{"id":371,"date":"2016-08-20T04:26:24","date_gmt":"2016-08-20T04:26:24","guid":{"rendered":"http:\/\/georedes.com.co\/geo\/?page_id=371"},"modified":"2021-12-12T20:18:26","modified_gmt":"2021-12-13T01:18:26","slug":"sistemas-de-energia-renovable-paneles-solares","status":"publish","type":"page","link":"https:\/\/georedes.com.co\/geo\/servicios\/redes-electricas\/sistemas-de-energia-renovable-paneles-solares\/","title":{"rendered":"Sistemas de energ\u00eda renovable &#8211; P\u00e1neles solares"},"content":{"rendered":"<p style=\"text-align: justify;\">Dentro de los servicios prestados por GEOREDES INGENIEROS S.A.S.&nbsp; se destaca su filosof\u00eda enfocada hacia la innovaci\u00f3n y creaci\u00f3n de nuevos sistemas que permiten aprovechar las fuentes naturales de energ\u00eda, generando as\u00ed conciencia ambiental dentro de la poblaci\u00f3n en pro del medio ambiente, como lo es el aprovechamiento de energ\u00eda solar fotovoltaica.<\/p>\n<p style=\"text-align: justify;\"><a href=\"http:\/\/georedes.com.co\/geo\/wp-content\/uploads\/2016\/08\/sistemas-de-energia-renovable-paneles-solares.jpg\"><img decoding=\"async\" loading=\"lazy\" class=\"alignnone size-full wp-image-372\" src=\"http:\/\/georedes.com.co\/geo\/wp-content\/uploads\/2016\/08\/sistemas-de-energia-renovable-paneles-solares.jpg\" alt=\"sistemas-de-energia-renovable-paneles-solares\" width=\"600\" height=\"222\" srcset=\"https:\/\/georedes.com.co\/geo\/wp-content\/uploads\/2016\/08\/sistemas-de-energia-renovable-paneles-solares.jpg 600w, https:\/\/georedes.com.co\/geo\/wp-content\/uploads\/2016\/08\/sistemas-de-energia-renovable-paneles-solares-300x111.jpg 300w\" sizes=\"(max-width: 600px) 100vw, 600px\" \/><\/a><\/p>\n<h3 style=\"text-align: justify;\"><strong><span style=\"color: #0000ff;\">Dentro de sus ventajas se destacan:<\/span><\/strong><\/h3>\n<ul>\n<li style=\"text-align: justify;\">La disminuci\u00f3n del impacto ambiental que puede generar el uso de fuentes de energ\u00eda como combustibles.<\/li>\n<li style=\"text-align: justify;\">Fomentar un pensamiento ecol\u00f3gico dentro de la comunidad a trav\u00e9s del uso de sistemas innovadores.<\/li>\n<li style=\"text-align: justify;\">Posicionarse como una empresa pionera en la utilizaci\u00f3n de fuentes de energ\u00eda renovable en pro del bienestar ambiental.<\/li>\n<\/ul>\n<h3><span style=\"color: #0000ff;\">OTROS SERVICIOS DE REDES ELECTRICAS :<\/span><\/h3>\n<ul>\n<li><a href=\"http:\/\/georedes.com.co\/geo\/servicios\/redes-electricas\/sistemas-de-iluminacion\/\">Sistemas de iluminaci\u00f3n<\/a><\/li>\n<li><a href=\"http:\/\/georedes.com.co\/geo\/servicios\/redes-electricas\/sistemas-de-apantallamiento\/\">Sistemas de apantallamiento<\/a><\/li>\n<li><a href=\"http:\/\/georedes.com.co\/geo\/servicios\/redes-electricas\/redes-electricas-circuitos-normales-y-regulados\/\">Redes el\u00e9ctricas, circuitos normales y regulados<\/a><\/li>\n<li><a href=\"http:\/\/georedes.com.co\/geo\/servicios\/redes-electricas\/sistemas-de-puestas-a-tierra\/\">Sistemas de puestas a tierra.<\/a><\/li>\n<\/ul>\n<h3 style=\"text-align: justify;\"><a href=\"http:\/\/georedes.com.co\/geo\/contacto\/\">Si necesita saber m\u00e1s acerca de nuestros servicios de ingenier\u00eda por favor comun\u00edquese con nosotros:<\/a><\/h3>\n<p style=\"text-align: justify;\">&nbsp;<\/p>\n","protected":false},"excerpt":{"rendered":"<p>Dentro de los servicios prestados por GEOREDES INGENIEROS S.A.S.&nbsp; se destaca su filosof\u00eda enfocada hacia la innovaci\u00f3n y creaci\u00f3n de nuevos sistemas que permiten aprovechar las fuentes naturales de energ\u00eda, generando as\u00ed conciencia ambiental dentro de la poblaci\u00f3n en pro del medio ambiente, como lo es el aprovechamiento de energ\u00eda solar fotovoltaica. Dentro de sus [&hellip;]<\/p>\n","protected":false},"author":2,"featured_media":0,"parent":95,"menu_order":4,"comment_status":"closed","ping_status":"closed","template":"","meta":{"ngg_post_thumbnail":0},"aioseo_notices":[],"_links":{"self":[{"href":"https:\/\/georedes.com.co\/geo\/wp-json\/wp\/v2\/pages\/371"}],"collection":[{"href":"https:\/\/georedes.com.co\/geo\/wp-json\/wp\/v2\/pages"}],"about":[{"href":"https:\/\/georedes.com.co\/geo\/wp-json\/wp\/v2\/types\/page"}],"author":[{"embeddable":true,"href":"https:\/\/georedes.com.co\/geo\/wp-json\/wp\/v2\/users\/2"}],"replies":[{"embeddable":true,"href":"https:\/\/georedes.com.co\/geo\/wp-json\/wp\/v2\/comments?post=371"}],"version-history":[{"count":4,"href":"https:\/\/georedes.com.co\/geo\/wp-json\/wp\/v2\/pages\/371\/revisions"}],"predecessor-version":[{"id":762,"href":"https:\/\/georedes.com.co\/geo\/wp-json\/wp\/v2\/pages\/371\/revisions\/762"}],"up":[{"embeddable":true,"href":"https:\/\/georedes.com.co\/geo\/wp-json\/wp\/v2\/pages\/95"}],"wp:attachment":[{"href":"https:\/\/georedes.com.co\/geo\/wp-json\/wp\/v2\/media?parent=371"}],"curies":[{"name":"wp","href":"https:\/\/api.w.org\/{rel}","templated":true}]}}