{"id":374,"date":"2016-08-20T04:29:06","date_gmt":"2016-08-20T04:29:06","guid":{"rendered":"http:\/\/georedes.com.co\/geo\/?page_id=374"},"modified":"2021-12-12T20:18:30","modified_gmt":"2021-12-13T01:18:30","slug":"sistemas-de-puestas-a-tierra","status":"publish","type":"page","link":"https:\/\/georedes.com.co\/geo\/servicios\/redes-electricas\/sistemas-de-puestas-a-tierra\/","title":{"rendered":"Sistemas de puestas a tierra"},"content":{"rendered":"<p style=\"text-align: justify;\">GEOREDES INGENIEROS S.A.S.&nbsp; le ofrece servicios de dise\u00f1o, interventor\u00eda, medici\u00f3n, construcci\u00f3n y mantenimiento de sistemas de puesta a tierra.<\/p>\n<p style=\"text-align: justify;\"><a href=\"http:\/\/georedes.com.co\/geo\/wp-content\/uploads\/2016\/08\/polo_tierra-sistemas-de-puestas-a-tierra-varillas-coperwell-georedes.jpg\"><img decoding=\"async\" loading=\"lazy\" class=\"alignnone size-full wp-image-375\" src=\"http:\/\/georedes.com.co\/geo\/wp-content\/uploads\/2016\/08\/polo_tierra-sistemas-de-puestas-a-tierra-varillas-coperwell-georedes.jpg\" alt=\"polo_tierra-sistemas-de-puestas-a-tierra-varillas-copperweld-georedes\" width=\"600\" height=\"222\" srcset=\"https:\/\/georedes.com.co\/geo\/wp-content\/uploads\/2016\/08\/polo_tierra-sistemas-de-puestas-a-tierra-varillas-coperwell-georedes.jpg 600w, https:\/\/georedes.com.co\/geo\/wp-content\/uploads\/2016\/08\/polo_tierra-sistemas-de-puestas-a-tierra-varillas-coperwell-georedes-300x111.jpg 300w\" sizes=\"(max-width: 600px) 100vw, 600px\" \/><\/a><\/p>\n<h3 style=\"text-align: justify;\"><strong><span style=\"color: #0000ff;\">\u00bfPara qu\u00e9 sirve un sistema de puesta a tierra?<\/span><\/strong><\/h3>\n<p style=\"text-align: justify;\">Estos sistemas sirven para dar seguridad al uso de la energ\u00eda el\u00e9ctrica,&nbsp; haci\u00e9ndola fluir por una ruta predeterminada protegiendo nuestras propiedades, nuestra integridad f\u00edsica y aparatos electr\u00f3nicos como equipos el\u00e9ctricos de uso industrial o dom\u00e9stico, equipos de c\u00f3mputo, motores, entre otros, evitando que puedan ser da\u00f1ados por las cargas el\u00e9ctricas.<\/p>\n<h3><span style=\"color: #0000ff;\">OTROS SERVICIOS DE REDES ELECTRICAS :<\/span><\/h3>\n<ul>\n<li><a href=\"http:\/\/georedes.com.co\/geo\/servicios\/redes-electricas\/sistemas-de-iluminacion\/\">Sistemas de iluminaci\u00f3n<\/a><\/li>\n<li><a href=\"http:\/\/georedes.com.co\/geo\/servicios\/redes-electricas\/sistemas-de-apantallamiento\/\">Sistemas de apantallamiento<\/a><\/li>\n<li><a href=\"http:\/\/georedes.com.co\/geo\/servicios\/redes-electricas\/redes-electricas-circuitos-normales-y-regulados\/\">Redes el\u00e9ctricas, circuitos normales y regulados<\/a><\/li>\n<li><a href=\"http:\/\/georedes.com.co\/geo\/servicios\/redes-electricas\/sistemas-de-energia-renovable-paneles-solares\/\">Sistemas de energ\u00eda renovable &#8211; P\u00e1neles solares<\/a><\/li>\n<\/ul>\n<h3 style=\"text-align: justify;\"><a href=\"http:\/\/georedes.com.co\/geo\/contacto\/\">Si necesita saber m\u00e1s acerca de nuestros servicios de ingenier\u00eda por favor comun\u00edquese con nosotros:<\/a><\/h3>\n<p style=\"text-align: justify;\">&nbsp;<\/p>\n","protected":false},"excerpt":{"rendered":"<p>GEOREDES INGENIEROS S.A.S.&nbsp; le ofrece servicios de dise\u00f1o, interventor\u00eda, medici\u00f3n, construcci\u00f3n y mantenimiento de sistemas de puesta a tierra. \u00bfPara qu\u00e9 sirve un sistema de puesta a tierra? Estos sistemas sirven para dar seguridad al uso de la energ\u00eda el\u00e9ctrica,&nbsp; haci\u00e9ndola fluir por una ruta predeterminada protegiendo nuestras propiedades, nuestra integridad f\u00edsica y aparatos electr\u00f3nicos [&hellip;]<\/p>\n","protected":false},"author":2,"featured_media":0,"parent":95,"menu_order":5,"comment_status":"closed","ping_status":"closed","template":"","meta":{"ngg_post_thumbnail":0},"aioseo_notices":[],"_links":{"self":[{"href":"https:\/\/georedes.com.co\/geo\/wp-json\/wp\/v2\/pages\/374"}],"collection":[{"href":"https:\/\/georedes.com.co\/geo\/wp-json\/wp\/v2\/pages"}],"about":[{"href":"https:\/\/georedes.com.co\/geo\/wp-json\/wp\/v2\/types\/page"}],"author":[{"embeddable":true,"href":"https:\/\/georedes.com.co\/geo\/wp-json\/wp\/v2\/users\/2"}],"replies":[{"embeddable":true,"href":"https:\/\/georedes.com.co\/geo\/wp-json\/wp\/v2\/comments?post=374"}],"version-history":[{"count":4,"href":"https:\/\/georedes.com.co\/geo\/wp-json\/wp\/v2\/pages\/374\/revisions"}],"predecessor-version":[{"id":763,"href":"https:\/\/georedes.com.co\/geo\/wp-json\/wp\/v2\/pages\/374\/revisions\/763"}],"up":[{"embeddable":true,"href":"https:\/\/georedes.com.co\/geo\/wp-json\/wp\/v2\/pages\/95"}],"wp:attachment":[{"href":"https:\/\/georedes.com.co\/geo\/wp-json\/wp\/v2\/media?parent=374"}],"curies":[{"name":"wp","href":"https:\/\/api.w.org\/{rel}","templated":true}]}}