{"id":394,"date":"2016-08-23T14:45:32","date_gmt":"2016-08-23T14:45:32","guid":{"rendered":"http:\/\/georedes.com.co\/geo\/?page_id=394"},"modified":"2023-11-03T15:31:11","modified_gmt":"2023-11-03T20:31:11","slug":"quienes-somos","status":"publish","type":"page","link":"https:\/\/georedes.com.co\/geo\/la-empresa\/quienes-somos\/","title":{"rendered":"\u00bfQui\u00e9nes somos?"},"content":{"rendered":"<p style=\"text-align: justify;\">Somos una compa\u00f1\u00eda, dedicada al dise\u00f1o, instalaci\u00f3n y mantenimiento de redes el\u00e9ctricas y de telecomunicaciones, cableado estructurado, fibra \u00f3ptica, CCTV, seguridad electr\u00f3nica, mantenimientos locativos y obras civiles complementarias.&nbsp; Nuestra experiencia y la calidad de nuestros servicios,&nbsp; nos ha consolidado como una empresa reconocida en el sector.<\/p>\n<p style=\"text-align: justify;\"><a href=\"https:\/\/georedes.com.co\/geo\/contacto\/\"><img decoding=\"async\" loading=\"lazy\" class=\"alignnone wp-image-785 size-full\" src=\"http:\/\/georedes.com.co\/geo\/wp-content\/uploads\/2023\/11\/banner-empresa-georedes-ingenieros-contacto.jpg\" alt=\"\" width=\"900\" height=\"344\" srcset=\"https:\/\/georedes.com.co\/geo\/wp-content\/uploads\/2023\/11\/banner-empresa-georedes-ingenieros-contacto.jpg 900w, https:\/\/georedes.com.co\/geo\/wp-content\/uploads\/2023\/11\/banner-empresa-georedes-ingenieros-contacto-300x115.jpg 300w, https:\/\/georedes.com.co\/geo\/wp-content\/uploads\/2023\/11\/banner-empresa-georedes-ingenieros-contacto-768x294.jpg 768w\" sizes=\"(max-width: 900px) 100vw, 900px\" \/><\/a><\/p>\n<p style=\"text-align: justify;\">&nbsp;<\/p>\n","protected":false},"excerpt":{"rendered":"<p>Somos una compa\u00f1\u00eda, dedicada al dise\u00f1o, instalaci\u00f3n y mantenimiento de redes el\u00e9ctricas y de telecomunicaciones, cableado estructurado, fibra \u00f3ptica, CCTV, seguridad electr\u00f3nica, mantenimientos locativos y obras civiles complementarias.&nbsp; Nuestra experiencia y la calidad de nuestros servicios,&nbsp; nos ha consolidado como una empresa reconocida en el sector. &nbsp;<\/p>\n","protected":false},"author":2,"featured_media":0,"parent":243,"menu_order":1,"comment_status":"closed","ping_status":"closed","template":"","meta":{"ngg_post_thumbnail":0},"aioseo_notices":[],"_links":{"self":[{"href":"https:\/\/georedes.com.co\/geo\/wp-json\/wp\/v2\/pages\/394"}],"collection":[{"href":"https:\/\/georedes.com.co\/geo\/wp-json\/wp\/v2\/pages"}],"about":[{"href":"https:\/\/georedes.com.co\/geo\/wp-json\/wp\/v2\/types\/page"}],"author":[{"embeddable":true,"href":"https:\/\/georedes.com.co\/geo\/wp-json\/wp\/v2\/users\/2"}],"replies":[{"embeddable":true,"href":"https:\/\/georedes.com.co\/geo\/wp-json\/wp\/v2\/comments?post=394"}],"version-history":[{"count":10,"href":"https:\/\/georedes.com.co\/geo\/wp-json\/wp\/v2\/pages\/394\/revisions"}],"predecessor-version":[{"id":786,"href":"https:\/\/georedes.com.co\/geo\/wp-json\/wp\/v2\/pages\/394\/revisions\/786"}],"up":[{"embeddable":true,"href":"https:\/\/georedes.com.co\/geo\/wp-json\/wp\/v2\/pages\/243"}],"wp:attachment":[{"href":"https:\/\/georedes.com.co\/geo\/wp-json\/wp\/v2\/media?parent=394"}],"curies":[{"name":"wp","href":"https:\/\/api.w.org\/{rel}","templated":true}]}}