{"id":396,"date":"2016-08-23T14:46:07","date_gmt":"2016-08-23T14:46:07","guid":{"rendered":"http:\/\/georedes.com.co\/geo\/?page_id=396"},"modified":"2016-08-31T20:09:01","modified_gmt":"2016-08-31T20:09:01","slug":"mision","status":"publish","type":"page","link":"https:\/\/georedes.com.co\/geo\/la-empresa\/mision\/","title":{"rendered":"Misi\u00f3n"},"content":{"rendered":"<p style=\"text-align: justify;\">Georedes Ingenieros S.A.S ofrece a sus clientes la asesor\u00eda, el dise\u00f1o, mantenimiento e implementaci\u00f3n de sistemas de cableado estructurado para redes de telecomunicaciones, el\u00e9ctricas y sistemas de seguridad electr\u00f3nica sujetos a normatividades internacionales que apliquen a las caracter\u00edsticas y necesidades de su negocio y obtengan la mejor relaci\u00f3n costo beneficio.<\/p>\n<p style=\"text-align: justify;\"><a href=\"http:\/\/georedes.com.co\/geo\/wp-content\/uploads\/2016\/08\/mision-georedes.jpg\"><img decoding=\"async\" loading=\"lazy\" class=\"alignnone size-full wp-image-680\" src=\"http:\/\/georedes.com.co\/geo\/wp-content\/uploads\/2016\/08\/mision-georedes.jpg\" alt=\"mision-georedes\" width=\"851\" height=\"315\" srcset=\"https:\/\/georedes.com.co\/geo\/wp-content\/uploads\/2016\/08\/mision-georedes.jpg 851w, https:\/\/georedes.com.co\/geo\/wp-content\/uploads\/2016\/08\/mision-georedes-300x111.jpg 300w, https:\/\/georedes.com.co\/geo\/wp-content\/uploads\/2016\/08\/mision-georedes-768x284.jpg 768w\" sizes=\"(max-width: 851px) 100vw, 851px\" \/><\/a><\/p>\n","protected":false},"excerpt":{"rendered":"<p>Georedes Ingenieros S.A.S ofrece a sus clientes la asesor\u00eda, el dise\u00f1o, mantenimiento e implementaci\u00f3n de sistemas de cableado estructurado para redes de telecomunicaciones, el\u00e9ctricas y sistemas de seguridad electr\u00f3nica sujetos a normatividades internacionales que apliquen a las caracter\u00edsticas y necesidades de su negocio y obtengan la mejor relaci\u00f3n costo beneficio.<\/p>\n","protected":false},"author":2,"featured_media":0,"parent":243,"menu_order":2,"comment_status":"closed","ping_status":"closed","template":"","meta":{"ngg_post_thumbnail":0},"aioseo_notices":[],"_links":{"self":[{"href":"https:\/\/georedes.com.co\/geo\/wp-json\/wp\/v2\/pages\/396"}],"collection":[{"href":"https:\/\/georedes.com.co\/geo\/wp-json\/wp\/v2\/pages"}],"about":[{"href":"https:\/\/georedes.com.co\/geo\/wp-json\/wp\/v2\/types\/page"}],"author":[{"embeddable":true,"href":"https:\/\/georedes.com.co\/geo\/wp-json\/wp\/v2\/users\/2"}],"replies":[{"embeddable":true,"href":"https:\/\/georedes.com.co\/geo\/wp-json\/wp\/v2\/comments?post=396"}],"version-history":[{"count":4,"href":"https:\/\/georedes.com.co\/geo\/wp-json\/wp\/v2\/pages\/396\/revisions"}],"predecessor-version":[{"id":681,"href":"https:\/\/georedes.com.co\/geo\/wp-json\/wp\/v2\/pages\/396\/revisions\/681"}],"up":[{"embeddable":true,"href":"https:\/\/georedes.com.co\/geo\/wp-json\/wp\/v2\/pages\/243"}],"wp:attachment":[{"href":"https:\/\/georedes.com.co\/geo\/wp-json\/wp\/v2\/media?parent=396"}],"curies":[{"name":"wp","href":"https:\/\/api.w.org\/{rel}","templated":true}]}}