{"id":40,"date":"2016-08-13T00:31:23","date_gmt":"2016-08-13T00:31:23","guid":{"rendered":"http:\/\/georedes.com.co\/geo\/?page_id=40"},"modified":"2016-08-13T00:31:23","modified_gmt":"2016-08-13T00:31:23","slug":"inciva-muelle-turistico","status":"publish","type":"page","link":"https:\/\/georedes.com.co\/geo\/clientes\/inciva-muelle-turistico\/","title":{"rendered":"Inciva Muelle Tur\u00edstico"},"content":{"rendered":"<p><strong>Proyecto:<\/strong> Instalaci\u00f3n CCTV. <a href=\"http:\/\/georedes.com.co\/geo\/wp-content\/uploads\/2016\/08\/inciva-cali.png\"><img decoding=\"async\" loading=\"lazy\" class=\"size-full wp-image-38 alignright\" src=\"http:\/\/georedes.com.co\/geo\/wp-content\/uploads\/2016\/08\/inciva-cali.png\" alt=\"inciva-cali\" width=\"150\" height=\"150\" \/><\/a><\/p>\n<p><strong>Descripci\u00f3n:<\/strong> 5 c\u00e1maras an\u00e1logas<\/p>\n","protected":false},"excerpt":{"rendered":"<p>Proyecto: Instalaci\u00f3n CCTV. Descripci\u00f3n: 5 c\u00e1maras an\u00e1logas<\/p>\n","protected":false},"author":2,"featured_media":0,"parent":27,"menu_order":3,"comment_status":"closed","ping_status":"closed","template":"","meta":{"ngg_post_thumbnail":0},"aioseo_notices":[],"_links":{"self":[{"href":"https:\/\/georedes.com.co\/geo\/wp-json\/wp\/v2\/pages\/40"}],"collection":[{"href":"https:\/\/georedes.com.co\/geo\/wp-json\/wp\/v2\/pages"}],"about":[{"href":"https:\/\/georedes.com.co\/geo\/wp-json\/wp\/v2\/types\/page"}],"author":[{"embeddable":true,"href":"https:\/\/georedes.com.co\/geo\/wp-json\/wp\/v2\/users\/2"}],"replies":[{"embeddable":true,"href":"https:\/\/georedes.com.co\/geo\/wp-json\/wp\/v2\/comments?post=40"}],"version-history":[{"count":1,"href":"https:\/\/georedes.com.co\/geo\/wp-json\/wp\/v2\/pages\/40\/revisions"}],"predecessor-version":[{"id":41,"href":"https:\/\/georedes.com.co\/geo\/wp-json\/wp\/v2\/pages\/40\/revisions\/41"}],"up":[{"embeddable":true,"href":"https:\/\/georedes.com.co\/geo\/wp-json\/wp\/v2\/pages\/27"}],"wp:attachment":[{"href":"https:\/\/georedes.com.co\/geo\/wp-json\/wp\/v2\/media?parent=40"}],"curies":[{"name":"wp","href":"https:\/\/api.w.org\/{rel}","templated":true}]}}