{"id":51,"date":"2016-08-13T00:39:38","date_gmt":"2016-08-13T00:39:38","guid":{"rendered":"http:\/\/georedes.com.co\/geo\/?page_id=51"},"modified":"2016-08-13T00:39:38","modified_gmt":"2016-08-13T00:39:38","slug":"carval-de-colombia","status":"publish","type":"page","link":"https:\/\/georedes.com.co\/geo\/clientes\/carval-de-colombia\/","title":{"rendered":"Carval de Colombia"},"content":{"rendered":"<p><strong>Proyecto:<\/strong> Instalaci\u00f3n CCTV. <a href=\"http:\/\/georedes.com.co\/geo\/wp-content\/uploads\/2016\/08\/carval-de-colombia.png\"><img decoding=\"async\" loading=\"lazy\" class=\"size-full wp-image-52 alignright\" src=\"http:\/\/georedes.com.co\/geo\/wp-content\/uploads\/2016\/08\/carval-de-colombia.png\" alt=\"carval-de-colombia\" width=\"150\" height=\"150\" \/><\/a><\/p>\n<p><strong>Descripci\u00f3n:<\/strong> 12 c\u00e1maras an\u00e1logas perimetrales. Obra civil, incada de posteadura.<\/p>\n","protected":false},"excerpt":{"rendered":"<p>Proyecto: Instalaci\u00f3n CCTV. Descripci\u00f3n: 12 c\u00e1maras an\u00e1logas perimetrales. Obra civil, incada de posteadura.<\/p>\n","protected":false},"author":2,"featured_media":0,"parent":27,"menu_order":7,"comment_status":"closed","ping_status":"closed","template":"","meta":{"ngg_post_thumbnail":0},"aioseo_notices":[],"_links":{"self":[{"href":"https:\/\/georedes.com.co\/geo\/wp-json\/wp\/v2\/pages\/51"}],"collection":[{"href":"https:\/\/georedes.com.co\/geo\/wp-json\/wp\/v2\/pages"}],"about":[{"href":"https:\/\/georedes.com.co\/geo\/wp-json\/wp\/v2\/types\/page"}],"author":[{"embeddable":true,"href":"https:\/\/georedes.com.co\/geo\/wp-json\/wp\/v2\/users\/2"}],"replies":[{"embeddable":true,"href":"https:\/\/georedes.com.co\/geo\/wp-json\/wp\/v2\/comments?post=51"}],"version-history":[{"count":2,"href":"https:\/\/georedes.com.co\/geo\/wp-json\/wp\/v2\/pages\/51\/revisions"}],"predecessor-version":[{"id":83,"href":"https:\/\/georedes.com.co\/geo\/wp-json\/wp\/v2\/pages\/51\/revisions\/83"}],"up":[{"embeddable":true,"href":"https:\/\/georedes.com.co\/geo\/wp-json\/wp\/v2\/pages\/27"}],"wp:attachment":[{"href":"https:\/\/georedes.com.co\/geo\/wp-json\/wp\/v2\/media?parent=51"}],"curies":[{"name":"wp","href":"https:\/\/api.w.org\/{rel}","templated":true}]}}