{"id":54,"date":"2016-08-13T00:41:47","date_gmt":"2016-08-13T00:41:47","guid":{"rendered":"http:\/\/georedes.com.co\/geo\/?page_id=54"},"modified":"2016-08-13T00:41:47","modified_gmt":"2016-08-13T00:41:47","slug":"almotores-kia","status":"publish","type":"page","link":"https:\/\/georedes.com.co\/geo\/clientes\/almotores-kia\/","title":{"rendered":"Almotores KIA"},"content":{"rendered":"<p><strong>Proyecto:<\/strong> Ampliaci\u00f3n de CCTV. <a href=\"http:\/\/georedes.com.co\/geo\/wp-content\/uploads\/2016\/08\/almotores-kia.png\"><img decoding=\"async\" loading=\"lazy\" class=\"size-full wp-image-55 alignright\" src=\"http:\/\/georedes.com.co\/geo\/wp-content\/uploads\/2016\/08\/almotores-kia.png\" alt=\"almotores-kia\" width=\"150\" height=\"150\" \/><\/a><\/p>\n<p><strong>Descripci\u00f3n:<\/strong> Instalaci\u00f3n de 30 c\u00e1maras an\u00e1logas.<\/p>\n","protected":false},"excerpt":{"rendered":"<p>Proyecto: Ampliaci\u00f3n de CCTV. Descripci\u00f3n: Instalaci\u00f3n de 30 c\u00e1maras an\u00e1logas.<\/p>\n","protected":false},"author":2,"featured_media":0,"parent":27,"menu_order":8,"comment_status":"closed","ping_status":"closed","template":"","meta":{"ngg_post_thumbnail":0},"aioseo_notices":[],"_links":{"self":[{"href":"https:\/\/georedes.com.co\/geo\/wp-json\/wp\/v2\/pages\/54"}],"collection":[{"href":"https:\/\/georedes.com.co\/geo\/wp-json\/wp\/v2\/pages"}],"about":[{"href":"https:\/\/georedes.com.co\/geo\/wp-json\/wp\/v2\/types\/page"}],"author":[{"embeddable":true,"href":"https:\/\/georedes.com.co\/geo\/wp-json\/wp\/v2\/users\/2"}],"replies":[{"embeddable":true,"href":"https:\/\/georedes.com.co\/geo\/wp-json\/wp\/v2\/comments?post=54"}],"version-history":[{"count":1,"href":"https:\/\/georedes.com.co\/geo\/wp-json\/wp\/v2\/pages\/54\/revisions"}],"predecessor-version":[{"id":56,"href":"https:\/\/georedes.com.co\/geo\/wp-json\/wp\/v2\/pages\/54\/revisions\/56"}],"up":[{"embeddable":true,"href":"https:\/\/georedes.com.co\/geo\/wp-json\/wp\/v2\/pages\/27"}],"wp:attachment":[{"href":"https:\/\/georedes.com.co\/geo\/wp-json\/wp\/v2\/media?parent=54"}],"curies":[{"name":"wp","href":"https:\/\/api.w.org\/{rel}","templated":true}]}}