{"id":60,"date":"2016-08-13T00:47:08","date_gmt":"2016-08-13T00:47:08","guid":{"rendered":"http:\/\/georedes.com.co\/geo\/?page_id=60"},"modified":"2016-08-13T00:47:23","modified_gmt":"2016-08-13T00:47:23","slug":"carnes-frias-calima","status":"publish","type":"page","link":"https:\/\/georedes.com.co\/geo\/clientes\/carnes-frias-calima\/","title":{"rendered":"Carnes fr\u00edas Calima"},"content":{"rendered":"<p><strong>Proyecto:<\/strong> Instalaci\u00f3n CCTV.<\/p>\n<p><strong>Descripci\u00f3n:<\/strong> 6 c\u00e1maras an\u00e1logas.<\/p>\n","protected":false},"excerpt":{"rendered":"<p>Proyecto: Instalaci\u00f3n CCTV. Descripci\u00f3n: 6 c\u00e1maras an\u00e1logas.<\/p>\n","protected":false},"author":2,"featured_media":0,"parent":27,"menu_order":10,"comment_status":"closed","ping_status":"closed","template":"","meta":{"ngg_post_thumbnail":0},"aioseo_notices":[],"_links":{"self":[{"href":"https:\/\/georedes.com.co\/geo\/wp-json\/wp\/v2\/pages\/60"}],"collection":[{"href":"https:\/\/georedes.com.co\/geo\/wp-json\/wp\/v2\/pages"}],"about":[{"href":"https:\/\/georedes.com.co\/geo\/wp-json\/wp\/v2\/types\/page"}],"author":[{"embeddable":true,"href":"https:\/\/georedes.com.co\/geo\/wp-json\/wp\/v2\/users\/2"}],"replies":[{"embeddable":true,"href":"https:\/\/georedes.com.co\/geo\/wp-json\/wp\/v2\/comments?post=60"}],"version-history":[{"count":1,"href":"https:\/\/georedes.com.co\/geo\/wp-json\/wp\/v2\/pages\/60\/revisions"}],"predecessor-version":[{"id":61,"href":"https:\/\/georedes.com.co\/geo\/wp-json\/wp\/v2\/pages\/60\/revisions\/61"}],"up":[{"embeddable":true,"href":"https:\/\/georedes.com.co\/geo\/wp-json\/wp\/v2\/pages\/27"}],"wp:attachment":[{"href":"https:\/\/georedes.com.co\/geo\/wp-json\/wp\/v2\/media?parent=60"}],"curies":[{"name":"wp","href":"https:\/\/api.w.org\/{rel}","templated":true}]}}