{"id":617,"date":"2016-08-11T15:55:48","date_gmt":"2016-08-11T15:55:48","guid":{"rendered":"http:\/\/georedes.com.co\/geo\/?page_id=617"},"modified":"2021-12-12T20:16:15","modified_gmt":"2021-12-13T01:16:15","slug":"seguridad-electronica","status":"publish","type":"page","link":"https:\/\/georedes.com.co\/geo\/servicios\/seguridad-electronica\/","title":{"rendered":"Seguridad electr\u00f3nica"},"content":{"rendered":"<p style=\"text-align: justify;\">Un sistema de Seguridad electr\u00f3nica permite prevenir el impacto que causar\u00eda una amenaza al tener acceso no autorizado a diferentes \u00e1reas, documentos y art\u00edculos de valor en las empresas, los negocios y en los hogares.<\/p>\n<p style=\"text-align: justify;\">Cada vez es mayor la demanda de servicios de Seguridad electr\u00f3nica a la que GEOREDES INGENIEROS S.A.S responde con los siguientes servicios:<\/p>\n<h3 style=\"text-align: justify;\"><a href=\"http:\/\/georedes.com.co\/geo\/servicios\/seguridad-electronica\/sistemas-cctv\/\"><span style=\"color: #0000ff;\">SISTEMAS CCTV<\/span><\/a><\/h3>\n<p><a href=\"http:\/\/georedes.com.co\/geo\/wp-content\/uploads\/2016\/08\/cctv-sistema-camaras-georedes.jpg\"><img decoding=\"async\" loading=\"lazy\" class=\"alignnone size-full wp-image-318\" src=\"http:\/\/georedes.com.co\/geo\/wp-content\/uploads\/2016\/08\/cctv-sistema-camaras-georedes.jpg\" alt=\"cctv-sistema-camaras-georedes\" width=\"189\" height=\"157\"><\/a><\/p>\n<p style=\"text-align: justify;\">Instalaci\u00f3n y mantenimiento de circuitos cerrados de televisi\u00f3n, c\u00e1maras de seguridad, DVR y equipos de vigilancia en general. Cetificaci\u00f3n ALAS.&nbsp;&nbsp; <a href=\"http:\/\/georedes.com.co\/geo\/servicios\/seguridad-electronica\/sistemas-cctv\/\">LEER M\u00c1S&#8230;<\/a><\/p>\n<h3 style=\"text-align: justify;\"><a href=\"http:\/\/georedes.com.co\/geo\/servicios\/seguridad-electronica\/sistemas-de-alarmas\/\"><span style=\"color: #0000ff;\">SISTEMAS DE ALARMAS<\/span><\/a><\/h3>\n<p style=\"text-align: justify;\"><a href=\"http:\/\/georedes.com.co\/geo\/wp-content\/uploads\/2016\/08\/sistema-alarmas-georedes-cali-ingenieros.jpg\"><img decoding=\"async\" loading=\"lazy\" class=\"alignnone size-full wp-image-622\" src=\"http:\/\/georedes.com.co\/geo\/wp-content\/uploads\/2016\/08\/sistema-alarmas-georedes-cali-ingenieros.jpg\" alt=\"sistema-alarmas-georedes-cali-ingenieros\" width=\"189\" height=\"157\"><\/a><\/p>\n<p style=\"text-align: justify;\">Instalaci\u00f3n y mantenimiento de alarmas y sistemas de seguridad aplicados en la detecci\u00f3n de intrusos, sensores de puertas y ventanas,&nbsp; entre otros.&nbsp;<a href=\"http:\/\/georedes.com.co\/geo\/servicios\/seguridad-electronica\/sistemas-de-alarmas\/\"> LEER M\u00c1S&#8230;<\/a><\/p>\n<h3 style=\"text-align: justify;\"><a href=\"http:\/\/georedes.com.co\/geo\/servicios\/seguridad-electronica\/sistema-de-control-de-acceso\/\"><span style=\"color: #0000ff;\">CONTROL DE ACCESO<\/span><\/a><\/h3>\n<p><a href=\"http:\/\/georedes.com.co\/geo\/wp-content\/uploads\/2016\/08\/control-acceso-seguridad-con-tarjeta-georedes.jpg\"><img decoding=\"async\" loading=\"lazy\" class=\"alignnone size-full wp-image-335\" src=\"http:\/\/georedes.com.co\/geo\/wp-content\/uploads\/2016\/08\/control-acceso-seguridad-con-tarjeta-georedes.jpg\" alt=\"control-acceso-seguridad-con-tarjeta-georedes\" width=\"189\" height=\"157\"><\/a><\/p>\n<p style=\"text-align: justify;\">Implantamos sistemas de control de acceso y sistemas de asistencia de personal para controlar y restringir los ingresos a su empresa de personal no autorizado.&nbsp;<a href=\"http:\/\/georedes.com.co\/geo\/servicios\/seguridad-electronica\/sistema-de-control-de-acceso\/\"> LEER M\u00c1S&#8230;<\/a><\/p>\n<h3 style=\"text-align: justify;\"><a href=\"http:\/\/georedes.com.co\/geo\/servicios\/seguridad-electronica\/equipos-en-general\/\"><span style=\"color: #0000ff;\">EQUIPOS EN GENERAL<\/span><\/a><\/h3>\n<p><a href=\"http:\/\/georedes.com.co\/geo\/wp-content\/uploads\/2016\/08\/equipos-en-general-seguridad-sistemas-alarmas-y-seguridad-georedes-ingenieros-cali.jpg\"><img decoding=\"async\" loading=\"lazy\" class=\"alignnone size-full wp-image-624\" src=\"http:\/\/georedes.com.co\/geo\/wp-content\/uploads\/2016\/08\/equipos-en-general-seguridad-sistemas-alarmas-y-seguridad-georedes-ingenieros-cali.jpg\" alt=\"equipos-en-general-seguridad-sistemas-alarmas-y-seguridad-georedes-ingenieros-cali\" width=\"189\" height=\"157\"><\/a><\/p>\n<p style=\"text-align: justify;\">GEOREDES INGENIEROS S.A.S.&nbsp; cuenta con c\u00e1maras, sensores, DVR, monitores, configuraci\u00f3n para visualizaci\u00f3n remota y todo lo relacionado con equipos de seguridad en general para sus instalaciones.&nbsp; <a href=\"http:\/\/georedes.com.co\/geo\/servicios\/seguridad-electronica\/equipos-en-general\/\">LEER M\u00c1S&#8230;<\/a><\/p>\n<p style=\"text-align: justify;\">Usted debe recordar que los sistemas de seguridad electr\u00f3nica no son totalmente garant\u00eda para impedir la intrusi\u00f3n o el robo en sus instalaciones. Sin embargo GEOREDES INGENIEROS S.A.S le brinda toda la asesor\u00eda necesaria para evitar al m\u00e1ximo un incidente de seguridad que est\u00e9 relacionado a los riesgos que tienen sus instalaciones.<\/p>\n<p>&nbsp;<\/p>\n<h2 style=\"text-align: justify;\"><strong><span style=\"color: #0000ff;\">DESTACADOS<\/span><\/strong><\/h2>\n<p style=\"text-align: justify;\"><strong>NOSOTROS REALIZAMOS EL ANALISIS<\/strong> previo para hacer una recomendaci\u00f3n que satisfaga completamente sus necesidades de seguridad.<\/p>\n<p style=\"text-align: justify;\"><strong>TRABAJO CERTIFICADO<\/strong>: &nbsp; GEOREDES INGENIEROS S.A.S. cuenta con la certificaci\u00f3n de la Asociaci\u00f3n Latinoamericana de Seguridad ALAS para la instalaci\u00f3n de sistemas de vigilancia CCTV.<\/p>\n<p style=\"text-align: justify;\"><strong>GEOREDES INGENIEROS S.A.S. LE PROPORCIONA<\/strong> toda la asesor\u00eda necesaria para la implementaci\u00f3n de un sistema de seguridad basado en control de acceso, adem\u00e1s instalamos todos los componentes necesarios para controlar y restringir el ingreso a sus instalaciones de personas no autorizadas.<\/p>\n<h3 style=\"text-align: justify;\"><a href=\"http:\/\/georedes.com.co\/geo\/contacto\/\">Si necesita saber mas acerca de nuestros servicios de ingenier\u00eda por favor comun\u00edquese con nosotros:<\/a><\/h3>\n<p style=\"text-align: justify;\">&nbsp;<\/p>\n","protected":false},"excerpt":{"rendered":"<p>Un sistema de Seguridad electr\u00f3nica permite prevenir el impacto que causar\u00eda una amenaza al tener acceso no autorizado a diferentes \u00e1reas, documentos y art\u00edculos de valor en las empresas, los negocios y en los hogares. Cada vez es mayor la demanda de servicios de Seguridad electr\u00f3nica a la que GEOREDES INGENIEROS S.A.S responde con los [&hellip;]<\/p>\n","protected":false},"author":2,"featured_media":0,"parent":11,"menu_order":2,"comment_status":"closed","ping_status":"closed","template":"","meta":{"ngg_post_thumbnail":0},"aioseo_notices":[],"_links":{"self":[{"href":"https:\/\/georedes.com.co\/geo\/wp-json\/wp\/v2\/pages\/617"}],"collection":[{"href":"https:\/\/georedes.com.co\/geo\/wp-json\/wp\/v2\/pages"}],"about":[{"href":"https:\/\/georedes.com.co\/geo\/wp-json\/wp\/v2\/types\/page"}],"author":[{"embeddable":true,"href":"https:\/\/georedes.com.co\/geo\/wp-json\/wp\/v2\/users\/2"}],"replies":[{"embeddable":true,"href":"https:\/\/georedes.com.co\/geo\/wp-json\/wp\/v2\/comments?post=617"}],"version-history":[{"count":6,"href":"https:\/\/georedes.com.co\/geo\/wp-json\/wp\/v2\/pages\/617\/revisions"}],"predecessor-version":[{"id":748,"href":"https:\/\/georedes.com.co\/geo\/wp-json\/wp\/v2\/pages\/617\/revisions\/748"}],"up":[{"embeddable":true,"href":"https:\/\/georedes.com.co\/geo\/wp-json\/wp\/v2\/pages\/11"}],"wp:attachment":[{"href":"https:\/\/georedes.com.co\/geo\/wp-json\/wp\/v2\/media?parent=617"}],"curies":[{"name":"wp","href":"https:\/\/api.w.org\/{rel}","templated":true}]}}