{"id":65,"date":"2016-08-13T00:51:21","date_gmt":"2016-08-13T00:51:21","guid":{"rendered":"http:\/\/georedes.com.co\/geo\/?page_id=65"},"modified":"2016-08-13T00:51:21","modified_gmt":"2016-08-13T00:51:21","slug":"sonoco-de-colombia","status":"publish","type":"page","link":"https:\/\/georedes.com.co\/geo\/clientes\/sonoco-de-colombia\/","title":{"rendered":"Sonoco de Colombia"},"content":{"rendered":"<p><strong>Proyecto:<\/strong> Instalaci\u00f3n CCTV. <a href=\"http:\/\/georedes.com.co\/geo\/wp-content\/uploads\/2016\/08\/sonoco-de-colombia-ltda.png\"><img decoding=\"async\" loading=\"lazy\" class=\"size-full wp-image-66 alignright\" src=\"http:\/\/georedes.com.co\/geo\/wp-content\/uploads\/2016\/08\/sonoco-de-colombia-ltda.png\" alt=\"sonoco-de-colombia-ltda\" width=\"150\" height=\"150\" \/><\/a><\/p>\n<p><strong>Descripci\u00f3n:<\/strong> 4 c\u00e1maras hidrapulper<\/p>\n","protected":false},"excerpt":{"rendered":"<p>Proyecto: Instalaci\u00f3n CCTV. Descripci\u00f3n: 4 c\u00e1maras hidrapulper<\/p>\n","protected":false},"author":2,"featured_media":0,"parent":27,"menu_order":12,"comment_status":"closed","ping_status":"closed","template":"","meta":{"ngg_post_thumbnail":0},"aioseo_notices":[],"_links":{"self":[{"href":"https:\/\/georedes.com.co\/geo\/wp-json\/wp\/v2\/pages\/65"}],"collection":[{"href":"https:\/\/georedes.com.co\/geo\/wp-json\/wp\/v2\/pages"}],"about":[{"href":"https:\/\/georedes.com.co\/geo\/wp-json\/wp\/v2\/types\/page"}],"author":[{"embeddable":true,"href":"https:\/\/georedes.com.co\/geo\/wp-json\/wp\/v2\/users\/2"}],"replies":[{"embeddable":true,"href":"https:\/\/georedes.com.co\/geo\/wp-json\/wp\/v2\/comments?post=65"}],"version-history":[{"count":2,"href":"https:\/\/georedes.com.co\/geo\/wp-json\/wp\/v2\/pages\/65\/revisions"}],"predecessor-version":[{"id":85,"href":"https:\/\/georedes.com.co\/geo\/wp-json\/wp\/v2\/pages\/65\/revisions\/85"}],"up":[{"embeddable":true,"href":"https:\/\/georedes.com.co\/geo\/wp-json\/wp\/v2\/pages\/27"}],"wp:attachment":[{"href":"https:\/\/georedes.com.co\/geo\/wp-json\/wp\/v2\/media?parent=65"}],"curies":[{"name":"wp","href":"https:\/\/api.w.org\/{rel}","templated":true}]}}