{"id":70,"date":"2016-08-13T00:56:19","date_gmt":"2016-08-13T00:56:19","guid":{"rendered":"http:\/\/georedes.com.co\/geo\/?page_id=70"},"modified":"2016-08-13T00:56:19","modified_gmt":"2016-08-13T00:56:19","slug":"telemark-spain-cali","status":"publish","type":"page","link":"https:\/\/georedes.com.co\/geo\/clientes\/telemark-spain-cali\/","title":{"rendered":"Telemark &#8211; Spain Cali"},"content":{"rendered":"<p><strong>Proyecto:<\/strong> Instalaciones varias. <a href=\"http:\/\/georedes.com.co\/geo\/wp-content\/uploads\/2016\/08\/telemark-spain-cali.png\"><img decoding=\"async\" loading=\"lazy\" class=\"size-full wp-image-71 alignright\" src=\"http:\/\/georedes.com.co\/geo\/wp-content\/uploads\/2016\/08\/telemark-spain-cali.png\" alt=\"telemark-spain-cali\" width=\"150\" height=\"150\" \/><\/a><\/p>\n<p><strong>Descripci\u00f3n:<\/strong> Cableado el\u00e9ctrico para 200 luminarias, cableado para c\u00e1maras, sensores de humo, rompimiento y control de acceso.<\/p>\n","protected":false},"excerpt":{"rendered":"<p>Proyecto: Instalaciones varias. Descripci\u00f3n: Cableado el\u00e9ctrico para 200 luminarias, cableado para c\u00e1maras, sensores de humo, rompimiento y control de acceso.<\/p>\n","protected":false},"author":2,"featured_media":0,"parent":27,"menu_order":14,"comment_status":"closed","ping_status":"closed","template":"","meta":{"ngg_post_thumbnail":0},"aioseo_notices":[],"_links":{"self":[{"href":"https:\/\/georedes.com.co\/geo\/wp-json\/wp\/v2\/pages\/70"}],"collection":[{"href":"https:\/\/georedes.com.co\/geo\/wp-json\/wp\/v2\/pages"}],"about":[{"href":"https:\/\/georedes.com.co\/geo\/wp-json\/wp\/v2\/types\/page"}],"author":[{"embeddable":true,"href":"https:\/\/georedes.com.co\/geo\/wp-json\/wp\/v2\/users\/2"}],"replies":[{"embeddable":true,"href":"https:\/\/georedes.com.co\/geo\/wp-json\/wp\/v2\/comments?post=70"}],"version-history":[{"count":1,"href":"https:\/\/georedes.com.co\/geo\/wp-json\/wp\/v2\/pages\/70\/revisions"}],"predecessor-version":[{"id":72,"href":"https:\/\/georedes.com.co\/geo\/wp-json\/wp\/v2\/pages\/70\/revisions\/72"}],"up":[{"embeddable":true,"href":"https:\/\/georedes.com.co\/geo\/wp-json\/wp\/v2\/pages\/27"}],"wp:attachment":[{"href":"https:\/\/georedes.com.co\/geo\/wp-json\/wp\/v2\/media?parent=70"}],"curies":[{"name":"wp","href":"https:\/\/api.w.org\/{rel}","templated":true}]}}